{"id":19,"date":"2025-08-08T10:15:16","date_gmt":"2025-08-08T10:15:16","guid":{"rendered":"https:\/\/quantumtrust-ai.com\/?page_id=19"},"modified":"2025-10-24T12:26:02","modified_gmt":"2025-10-24T12:26:02","slug":"datenschutzrichtlinie","status":"publish","type":"page","link":"https:\/\/quantumtrust-ai.com\/de\/privacy-policy\/","title":{"rendered":"Datenschutzrichtlinie"},"content":{"rendered":"<div data-elementor-type=\"wp-page\" data-elementor-id=\"19\" class=\"elementor elementor-19\" data-elementor-post-type=\"page\">\n\t\t\t\t<div class=\"elementor-element elementor-element-1701aaa responsive-section e-flex e-con-boxed e-con e-parent\" data-id=\"1701aaa\" data-element_type=\"container\" data-e-type=\"container\" data-settings=\"{&quot;background_background&quot;:&quot;classic&quot;}\">\n\t\t\t\t\t<div class=\"e-con-inner\">\n\t\t\t\t<div class=\"elementor-element elementor-element-0344071 elementor-widget elementor-widget-spacer\" data-id=\"0344071\" data-element_type=\"widget\" data-e-type=\"widget\" data-widget_type=\"spacer.default\">\n\t\t\t\t\t\t\t<div class=\"elementor-spacer\">\n\t\t\t<div class=\"elementor-spacer-inner\"><\/div>\n\t\t<\/div>\n\t\t\t\t\t\t<\/div>\n\t\t<div class=\"elementor-element elementor-element-74d35cc e-con-full e-flex e-con e-child\" data-id=\"74d35cc\" data-element_type=\"container\" data-e-type=\"container\">\n\t\t\t\t<div class=\"elementor-element elementor-element-3ae4889 elementor-widget elementor-widget-heading\" data-id=\"3ae4889\" data-element_type=\"widget\" data-e-type=\"widget\" data-widget_type=\"heading.default\">\n\t\t\t\t\t<h1 class=\"elementor-heading-title elementor-size-default\">Datenschutzrichtlinie<\/h1>\t\t\t\t<\/div>\n\t\t\t\t<\/div>\n\t\t\t\t<div class=\"elementor-element elementor-element-548c623 elementor-widget elementor-widget-spacer\" data-id=\"548c623\" data-element_type=\"widget\" data-e-type=\"widget\" data-widget_type=\"spacer.default\">\n\t\t\t\t\t\t\t<div class=\"elementor-spacer\">\n\t\t\t<div class=\"elementor-spacer-inner\"><\/div>\n\t\t<\/div>\n\t\t\t\t\t\t<\/div>\n\t\t\t\t<div class=\"elementor-element elementor-element-a6474b9 elementor-widget elementor-widget-heading\" data-id=\"a6474b9\" data-element_type=\"widget\" data-e-type=\"widget\" data-widget_type=\"heading.default\">\n\t\t\t\t\t<h2 class=\"elementor-heading-title elementor-size-default\">Eine kurze Einf\u00fchrung<\/h2>\t\t\t\t<\/div>\n\t\t\t\t<div class=\"elementor-element elementor-element-afcc84b elementor-widget elementor-widget-text-editor\" data-id=\"afcc84b\" data-element_type=\"widget\" data-e-type=\"widget\" data-widget_type=\"text-editor.default\">\n\t\t\t\t\t\t\t\t\t<p>Sie k\u00f6nnen \u00fcber folgende Links auf unsere Website zugreifen: <a href=\"https:\/\/quantumtrust-ai.com\/de\/\">https:\/\/quantumtrust-ai.com\/<\/a><\/p>\t\t\t\t\t\t\t\t<\/div>\n\t\t\t\t<div class=\"elementor-element elementor-element-0e0ee80 elementor-widget elementor-widget-heading\" data-id=\"0e0ee80\" data-element_type=\"widget\" data-e-type=\"widget\" data-widget_type=\"heading.default\">\n\t\t\t\t\t<h2 class=\"elementor-heading-title elementor-size-default\">Kommentare<\/h2>\t\t\t\t<\/div>\n\t\t\t\t<div class=\"elementor-element elementor-element-35d8432 elementor-widget elementor-widget-text-editor\" data-id=\"35d8432\" data-element_type=\"widget\" data-e-type=\"widget\" data-widget_type=\"text-editor.default\">\n\t\t\t\t\t\t\t\t\t<p>Wenn ein Nutzer einen Kommentar auf unserer Website ver\u00f6ffentlicht, erfassen wir die im Kommentarbereich angezeigten Informationen zusammen mit der IP-Adresse und den Browser-Identifikationsdaten des Nutzers, um Betrug zu verhindern.<\/p><p>Der Avatar-Dienst kann zur \u00dcberpr\u00fcfung seiner Nutzung eine aus Ihrer E-Mail-Adresse generierte, kodierte Sequenz (\u00fcblicherweise Hash genannt) anfordern. Die Nutzungsbedingungen des Avatar-Dienstes finden Sie hier: <a href=\"https:\/\/quantumtrust-ai.com\/de\/\">https:\/\/quantumtrust-ai.com\/<\/a><\/p><p>\u00a0Ihr Profilfoto wird den Besuchern der Website im Kommentarfeld angezeigt, nachdem es freigegeben wurde.\u201c<\/p>\t\t\t\t\t\t\t\t<\/div>\n\t\t\t\t<div class=\"elementor-element elementor-element-11d5525 elementor-widget elementor-widget-heading\" data-id=\"11d5525\" data-element_type=\"widget\" data-e-type=\"widget\" data-widget_type=\"heading.default\">\n\t\t\t\t\t<h2 class=\"elementor-heading-title elementor-size-default\">Medien<\/h2>\t\t\t\t<\/div>\n\t\t\t\t<div class=\"elementor-element elementor-element-93896d6 elementor-widget elementor-widget-text-editor\" data-id=\"93896d6\" data-element_type=\"widget\" data-e-type=\"widget\" data-widget_type=\"text-editor.default\">\n\t\t\t\t\t\t\t\t\t<p>Wenn Sie Bilder an die <strong>Quantum Trust Ai<\/strong>\u00a0Wenn Sie eine Handelsplattform nutzen, sollten Sie das Hochladen von Bildern mit eingebetteten geografischen Informationen (EXIF-GPS) vermeiden. Besucher der Website k\u00f6nnen diese Daten n\u00e4mlich herunterladen und verwenden.<\/p>\t\t\t\t\t\t\t\t<\/div>\n\t\t\t\t<div class=\"elementor-element elementor-element-b95f72a elementor-widget elementor-widget-heading\" data-id=\"b95f72a\" data-element_type=\"widget\" data-e-type=\"widget\" data-widget_type=\"heading.default\">\n\t\t\t\t\t<h2 class=\"elementor-heading-title elementor-size-default\">Cookies<\/h2>\t\t\t\t<\/div>\n\t\t\t\t<div class=\"elementor-element elementor-element-4ed9226 elementor-widget elementor-widget-text-editor\" data-id=\"4ed9226\" data-element_type=\"widget\" data-e-type=\"widget\" data-widget_type=\"text-editor.default\">\n\t\t\t\t\t\t\t\t\t<p>Wenn Sie einen Kommentar auf unserer Plattform hinterlassen, k\u00f6nnen Sie Ihren Namen, Ihre E-Mail-Adresse und Ihre Website-Adresse in Cookies speichern lassen. So m\u00fcssen Sie diese Informationen nicht immer wieder neu eingeben. Die gespeicherten Cookies werden 12 Monate lang aufbewahrt.<br \/><br \/>Nach dem Aufrufen unserer Anmeldeseite wird ein kurzer Cookie gesetzt, um die Kompatibilit\u00e4t Ihres Browsers mit Cookies zu \u00fcberpr\u00fcfen. Dieser Cookie speichert keine Informationen und wird nach dem Verlassen der Website gel\u00f6scht.<br \/><br \/>Wir setzen beim Anmelden mehrere Cookies, um Ihre Anzeigeeinstellungen und Anmeldeinformationen zu speichern. Cookies f\u00fcr visuelle Einstellungen sind ein ganzes Jahr g\u00fcltig, Anmelde-Cookies hingegen nur zwei Tage. Aktivieren Sie \u201eAngemeldet bleiben\u201c, um sicherzustellen, dass Sie die n\u00e4chsten zwei Wochen angemeldet bleiben. Wenn Sie sich abmelden, werden die Anmelde-Cookies beim Schlie\u00dfen Ihres Browsers gel\u00f6scht.<br \/><br \/>Wenn Sie einen Beitrag bearbeiten oder ver\u00f6ffentlichen, speichert Ihr Browser einen zus\u00e4tzlichen Cookie. Dieser Cookie speichert lediglich die Beitrags-ID des zuletzt bearbeiteten Inhalts; er enth\u00e4lt keine privaten Daten und ist 24 Stunden g\u00fcltig.<\/p>\t\t\t\t\t\t\t\t<\/div>\n\t\t\t\t<div class=\"elementor-element elementor-element-1fcaa5d elementor-widget elementor-widget-heading\" data-id=\"1fcaa5d\" data-element_type=\"widget\" data-e-type=\"widget\" data-widget_type=\"heading.default\">\n\t\t\t\t\t<h2 class=\"elementor-heading-title elementor-size-default\">Inhalte von externen Websites\n<\/h2>\t\t\t\t<\/div>\n\t\t\t\t<div class=\"elementor-element elementor-element-999d799 elementor-widget elementor-widget-text-editor\" data-id=\"999d799\" data-element_type=\"widget\" data-e-type=\"widget\" data-widget_type=\"text-editor.default\">\n\t\t\t\t\t\t\t\t\t<p>Die auf dieser Website pr\u00e4sentierten Inhalte k\u00f6nnen miteinander verbundene Komponenten (Bilder, Texte, Videos usw.) enthalten. Inhalte, die von verschiedenen Websites eingebunden wurden, funktionieren so, als ob der Nutzer eine andere Website besucht h\u00e4tte.<\/p><p>Diese Websites k\u00f6nnen Daten \u00fcber Sie sammeln, Cookies verwenden, Tracking-Technologien von Drittanbietern einsetzen und Ihre Interaktion mit den eingebundenen Inhalten verfolgen. Wenn Sie ein Konto besitzen und regelm\u00e4\u00dfig angemeldet sind, <strong>Quantum Trust Ai<\/strong>\u00a0Auf der Website der Handelsplattform kann auch \u00fcberwacht werden, wie Sie mit den Inhalten interagieren.\u201c<\/p>\t\t\t\t\t\t\t\t<\/div>\n\t\t\t\t<div class=\"elementor-element elementor-element-0edefb1 elementor-widget elementor-widget-heading\" data-id=\"0edefb1\" data-element_type=\"widget\" data-e-type=\"widget\" data-widget_type=\"heading.default\">\n\t\t\t\t\t<h2 class=\"elementor-heading-title elementor-size-default\">Geben wir Daten an irgendjemanden weiter?<\/h2>\t\t\t\t<\/div>\n\t\t\t\t<div class=\"elementor-element elementor-element-8677ac2 elementor-widget elementor-widget-text-editor\" data-id=\"8677ac2\" data-element_type=\"widget\" data-e-type=\"widget\" data-widget_type=\"text-editor.default\">\n\t\t\t\t\t\t\t\t\t<p>Falls eine Passwort\u00e4nderung erforderlich ist, wird die IP-Adresse in der E-Mail angegeben.<\/p>\t\t\t\t\t\t\t\t<\/div>\n\t\t\t\t<div class=\"elementor-element elementor-element-8af4f60 elementor-widget elementor-widget-heading\" data-id=\"8af4f60\" data-element_type=\"widget\" data-e-type=\"widget\" data-widget_type=\"heading.default\">\n\t\t\t\t\t<h2 class=\"elementor-heading-title elementor-size-default\">Wie lange werden die Daten aufbewahrt?<\/h2>\t\t\t\t<\/div>\n\t\t\t\t<div class=\"elementor-element elementor-element-d75b93b elementor-widget elementor-widget-text-editor\" data-id=\"d75b93b\" data-element_type=\"widget\" data-e-type=\"widget\" data-widget_type=\"text-editor.default\">\n\t\t\t\t\t\t\t\t\t<p>Sobald Sie eine Bewertung abgeben, werden diese und die zugeh\u00f6rigen Metadaten dauerhaft gespeichert. Dadurch k\u00f6nnen wir gew\u00e4hrleisten, dass alle weiteren Kommentare automatisch erkannt und verifiziert werden, anstatt sie im Verifizierungsprozess zwischenzuspeichern.\u00a0<\/p><p>Wenn sich jemand auf unserer Website registriert, sch\u00fctzen wir auch die privaten Daten, die Nutzer in ihrem Benutzerkonto eingeben. Jeder, der sich anmeldet, hat jederzeit die M\u00f6glichkeit, seine privaten Informationen einzusehen, zu bearbeiten oder zu l\u00f6schen. (Der Benutzername kann jedoch nicht ge\u00e4ndert werden.) Diese Daten sind auch f\u00fcr andere Nutzer einsehbar und bearbeitbar. <strong>Quantum Trust Ai<\/strong>\u00a0Administratoren der Handelsplattform.\u201c<\/p>\t\t\t\t\t\t\t\t<\/div>\n\t\t\t\t<div class=\"elementor-element elementor-element-b919c7c elementor-widget elementor-widget-heading\" data-id=\"b919c7c\" data-element_type=\"widget\" data-e-type=\"widget\" data-widget_type=\"heading.default\">\n\t\t\t\t\t<h2 class=\"elementor-heading-title elementor-size-default\">Habe ich irgendwelche Rechte an den Daten?<\/h2>\t\t\t\t<\/div>\n\t\t\t\t<div class=\"elementor-element elementor-element-2a5a048 elementor-widget elementor-widget-text-editor\" data-id=\"2a5a048\" data-element_type=\"widget\" data-e-type=\"widget\" data-widget_type=\"text-editor.default\">\n\t\t\t\t\t\t\t\t\t<p>Wenn Sie ein Kontoinhaber sind <strong>Quantum Trust Ai<\/strong>\u00a0Wenn Sie \u00fcber unsere Handelsplattform handeln oder in der Vergangenheit Kommentare hinterlassen haben, haben Sie Anspruch auf eine Kopie der \u00fcber Sie gespeicherten personenbezogenen Daten. Dies umfasst alle Informationen, die Sie uns ausdr\u00fccklich mitgeteilt haben. Sie k\u00f6nnen au\u00dferdem beantragen, dass wir alle sensiblen Daten, die wir \u00fcber Sie gespeichert haben, l\u00f6schen. Ausgenommen hiervon sind jedoch Informationen, die wir aus organisatorischen, rechtlichen oder sicherheitsrelevanten Gr\u00fcnden aufbewahren m\u00fcssen.<\/p>\t\t\t\t\t\t\t\t<\/div>\n\t\t\t\t<div class=\"elementor-element elementor-element-5fc41b9 elementor-widget elementor-widget-heading\" data-id=\"5fc41b9\" data-element_type=\"widget\" data-e-type=\"widget\" data-widget_type=\"heading.default\">\n\t\t\t\t\t<h2 class=\"elementor-heading-title elementor-size-default\">Werden die Daten irgendwohin gesendet?<\/h2>\t\t\t\t<\/div>\n\t\t\t\t<div class=\"elementor-element elementor-element-562c624 elementor-widget elementor-widget-text-editor\" data-id=\"562c624\" data-element_type=\"widget\" data-e-type=\"widget\" data-widget_type=\"text-editor.default\">\n\t\t\t\t\t\t\t\t\t<p>Die Kommentare der Besucher werden durch ein Spam-Identifizierungssystem einem Verifizierungsprozess unterzogen.<\/p>\t\t\t\t\t\t\t\t<\/div>\n\t\t\t\t<div class=\"elementor-element elementor-element-3768a87 elementor-widget elementor-widget-heading\" data-id=\"3768a87\" data-element_type=\"widget\" data-e-type=\"widget\" data-widget_type=\"heading.default\">\n\t\t\t\t\t<h2 class=\"elementor-heading-title elementor-size-default\">Kontaktieren Sie uns<\/h2>\t\t\t\t<\/div>\n\t\t\t\t<div class=\"elementor-element elementor-element-720ed82 elementor-widget elementor-widget-text-editor\" data-id=\"720ed82\" data-element_type=\"widget\" data-e-type=\"widget\" data-widget_type=\"text-editor.default\">\n\t\t\t\t\t\t\t\t\t<p>Sollten Sie Fragen zu dieser Datenschutzrichtlinie haben, k\u00f6nnen Sie sich an uns wenden:<\/p><p><a href=\"mailto:support@quantumtrust-ai.com\">support@quantumtrust-ai.com<\/a><\/p>\t\t\t\t\t\t\t\t<\/div>\n\t\t\t\t<div class=\"elementor-element elementor-element-c230030 elementor-widget elementor-widget-spacer\" data-id=\"c230030\" data-element_type=\"widget\" data-e-type=\"widget\" data-widget_type=\"spacer.default\">\n\t\t\t\t\t\t\t<div class=\"elementor-spacer\">\n\t\t\t<div class=\"elementor-spacer-inner\"><\/div>\n\t\t<\/div>\n\t\t\t\t\t\t<\/div>\n\t\t\t\t\t<\/div>\n\t\t\t\t<\/div>\n\t\t\t\t<\/div>","protected":false},"excerpt":{"rendered":"<p>Privacy Policy A Brief Intro Access our website through the: https:\/\/quantumtrust-ai.com\/ Comments If a user posts any comment on our website, we will collect the information that is shown in the comment section along with the user&#8217;s IP address and browser identification details to prevent any scams. The Avatar service may request an encoded sequence [&hellip;]<\/p>\n","protected":false},"author":1,"featured_media":0,"parent":0,"menu_order":0,"comment_status":"closed","ping_status":"closed","template":"elementor_header_footer","meta":{"footnotes":""},"class_list":["post-19","page","type-page","status-publish","hentry"],"_links":{"self":[{"href":"https:\/\/quantumtrust-ai.com\/de\/wp-json\/wp\/v2\/pages\/19","targetHints":{"allow":["GET"]}}],"collection":[{"href":"https:\/\/quantumtrust-ai.com\/de\/wp-json\/wp\/v2\/pages"}],"about":[{"href":"https:\/\/quantumtrust-ai.com\/de\/wp-json\/wp\/v2\/types\/page"}],"author":[{"embeddable":true,"href":"https:\/\/quantumtrust-ai.com\/de\/wp-json\/wp\/v2\/users\/1"}],"replies":[{"embeddable":true,"href":"https:\/\/quantumtrust-ai.com\/de\/wp-json\/wp\/v2\/comments?post=19"}],"version-history":[{"count":0,"href":"https:\/\/quantumtrust-ai.com\/de\/wp-json\/wp\/v2\/pages\/19\/revisions"}],"wp:attachment":[{"href":"https:\/\/quantumtrust-ai.com\/de\/wp-json\/wp\/v2\/media?parent=19"}],"curies":[{"name":"wp","href":"https:\/\/api.w.org\/{rel}","templated":true}]}}