{"id":649,"date":"2025-12-26T09:23:33","date_gmt":"2025-12-26T09:23:33","guid":{"rendered":"https:\/\/quantumtrust-ai.com\/?page_id=649"},"modified":"2025-12-26T10:20:23","modified_gmt":"2025-12-26T10:20:23","slug":"haftungsausschluss","status":"publish","type":"page","link":"https:\/\/quantumtrust-ai.com\/de\/disclaimer\/","title":{"rendered":"Haftungsausschluss"},"content":{"rendered":"<div data-elementor-type=\"wp-page\" data-elementor-id=\"649\" class=\"elementor elementor-649\" data-elementor-post-type=\"page\">\n\t\t\t\t<div class=\"elementor-element elementor-element-e118328 responsive-section e-flex e-con-boxed e-con e-parent\" data-id=\"e118328\" data-element_type=\"container\" data-e-type=\"container\" data-settings=\"{&quot;background_background&quot;:&quot;classic&quot;}\">\n\t\t\t\t\t<div class=\"e-con-inner\">\n\t\t\t\t<div class=\"elementor-element elementor-element-e1f3053 elementor-widget elementor-widget-spacer\" data-id=\"e1f3053\" data-element_type=\"widget\" data-e-type=\"widget\" data-widget_type=\"spacer.default\">\n\t\t\t\t\t\t\t<div class=\"elementor-spacer\">\n\t\t\t<div class=\"elementor-spacer-inner\"><\/div>\n\t\t<\/div>\n\t\t\t\t\t\t<\/div>\n\t\t<div class=\"elementor-element elementor-element-e0e7d1c e-con-full e-flex e-con e-child\" data-id=\"e0e7d1c\" data-element_type=\"container\" data-e-type=\"container\">\n\t\t\t\t<div class=\"elementor-element elementor-element-509fb6a elementor-widget elementor-widget-heading\" data-id=\"509fb6a\" data-element_type=\"widget\" data-e-type=\"widget\" data-widget_type=\"heading.default\">\n\t\t\t\t\t<h1 class=\"elementor-heading-title elementor-size-default\">Haftungsausschluss<\/h1>\t\t\t\t<\/div>\n\t\t\t\t<\/div>\n\t\t\t\t<div class=\"elementor-element elementor-element-7578df8 elementor-widget elementor-widget-spacer\" data-id=\"7578df8\" data-element_type=\"widget\" data-e-type=\"widget\" data-widget_type=\"spacer.default\">\n\t\t\t\t\t\t\t<div class=\"elementor-spacer\">\n\t\t\t<div class=\"elementor-spacer-inner\"><\/div>\n\t\t<\/div>\n\t\t\t\t\t\t<\/div>\n\t\t\t\t<div class=\"elementor-element elementor-element-b8b0d03 elementor-widget elementor-widget-text-editor\" data-id=\"b8b0d03\" data-element_type=\"widget\" data-e-type=\"widget\" data-widget_type=\"text-editor.default\">\n\t\t\t\t\t\t\t\t\t<p class=\"translation-block\">Die von <strong>Quantum Trust<\/strong>, seinen verbundenen Unternehmen, Mitwirkenden, Autoren oder Partnern (zusammen \u201ewir\u201c, \u201euns\u201c oder \u201eunser\u201c) auf dieser Website bereitgestellten Informationen dienen ausschlie\u00dflich allgemeinen Informations- und Bildungszwecken.<\/p>\t\t\t\t\t\t\t\t<\/div>\n\t\t\t\t<div class=\"elementor-element elementor-element-1228b4f elementor-widget elementor-widget-heading\" data-id=\"1228b4f\" data-element_type=\"widget\" data-e-type=\"widget\" data-widget_type=\"heading.default\">\n\t\t\t\t\t<h2 class=\"elementor-heading-title elementor-size-default\">Keine Finanzberatung<\/h2>\t\t\t\t<\/div>\n\t\t\t\t<div class=\"elementor-element elementor-element-20a94b1 elementor-widget elementor-widget-text-editor\" data-id=\"20a94b1\" data-element_type=\"widget\" data-e-type=\"widget\" data-widget_type=\"text-editor.default\">\n\t\t\t\t\t\t\t\t\t<p>Die Inhalte dieser Website \u2013 einschlie\u00dflich, aber nicht beschr\u00e4nkt auf Artikel, Videos, Analysen, Marktdaten, Charts, Signale, Tools und Schulungsmaterialien \u2013 stellen keine Finanz-, Anlage-, Rechts-, Steuer- oder sonstige professionelle Beratung dar. Nichts auf dieser Website ist eine Empfehlung, Aufforderung, ein Angebot oder eine Bef\u00fcrwortung zum Kauf, Verkauf, Halten oder Handel von Finanzinstrumenten, Wertpapieren, Rohstoffen, W\u00e4hrungen, digitalen Verm\u00f6genswerten oder Anlageprodukten.<\/p>\t\t\t\t\t\t\t\t<\/div>\n\t\t\t\t<div class=\"elementor-element elementor-element-06d85c6 elementor-widget elementor-widget-heading\" data-id=\"06d85c6\" data-element_type=\"widget\" data-e-type=\"widget\" data-widget_type=\"heading.default\">\n\t\t\t\t\t<h2 class=\"elementor-heading-title elementor-size-default\">Risikobest\u00e4tigung<\/h2>\t\t\t\t<\/div>\n\t\t\t\t<div class=\"elementor-element elementor-element-57bb1ee elementor-widget elementor-widget-text-editor\" data-id=\"57bb1ee\" data-element_type=\"widget\" data-e-type=\"widget\" data-widget_type=\"text-editor.default\">\n\t\t\t\t\t\t\t\t\t<p>Der Handel an den Finanzm\u00e4rkten \u2013 einschlie\u00dflich Devisenhandel (FX), Differenzkontrakten (CFDs), Kryptow\u00e4hrungen, Aktien, Indizes und anderen Derivaten \u2013 birgt erhebliche Risiken und ist nicht f\u00fcr alle Anleger geeignet. Die Wertentwicklung in der Vergangenheit ist kein Indikator f\u00fcr zuk\u00fcnftige Ergebnisse. Sie sollten Ihre finanzielle Situation und Ihre Risikotoleranz sorgf\u00e4ltig pr\u00fcfen, bevor Sie mit dem Handel oder der Anlage beginnen.<\/p>\t\t\t\t\t\t\t\t<\/div>\n\t\t\t\t<div class=\"elementor-element elementor-element-7463e24 elementor-widget elementor-widget-heading\" data-id=\"7463e24\" data-element_type=\"widget\" data-e-type=\"widget\" data-widget_type=\"heading.default\">\n\t\t\t\t\t<h2 class=\"elementor-heading-title elementor-size-default\">Keine Haftung<\/h2>\t\t\t\t<\/div>\n\t\t\t\t<div class=\"elementor-element elementor-element-d5ed55e elementor-widget elementor-widget-text-editor\" data-id=\"d5ed55e\" data-element_type=\"widget\" data-e-type=\"widget\" data-widget_type=\"text-editor.default\">\n\t\t\t\t\t\t\t\t\t<p>Wir \u00fcbernehmen keine Gew\u00e4hr f\u00fcr die Richtigkeit, Zuverl\u00e4ssigkeit, Aktualit\u00e4t, Vollst\u00e4ndigkeit oder Eignung der auf dieser Website enthaltenen Informationen. Durch die Nutzung dieser Website erkl\u00e4ren Sie sich ausdr\u00fccklich damit einverstanden, dass:<\/p><ul><li class=\"translation-block\">Quantum Trust, seine Eigent\u00fcmer, Mitarbeiter, Auftragnehmer, F\u00fchrungskr\u00e4fte und Partner sind nicht verantwortlich oder haftbar f\u00fcr Verluste, Sch\u00e4den, Kosten oder Ausgaben, die direkt oder indirekt aus Ihrer Nutzung dieser Website oder dem Vertrauen auf deren Inhalte entstehen;<\/li><li>Sie \u00fcbernehmen die volle Verantwortung f\u00fcr Ihre Entscheidungen, Transaktionen, Strategien und deren Ergebnisse.<\/li><\/ul>\t\t\t\t\t\t\t\t<\/div>\n\t\t\t\t<div class=\"elementor-element elementor-element-b1dc282 elementor-widget elementor-widget-heading\" data-id=\"b1dc282\" data-element_type=\"widget\" data-e-type=\"widget\" data-widget_type=\"heading.default\">\n\t\t\t\t\t<h2 class=\"elementor-heading-title elementor-size-default\">Unabh\u00e4ngige \u00dcberpr\u00fcfung<\/h2>\t\t\t\t<\/div>\n\t\t\t\t<div class=\"elementor-element elementor-element-f9dc833 elementor-widget elementor-widget-text-editor\" data-id=\"f9dc833\" data-element_type=\"widget\" data-e-type=\"widget\" data-widget_type=\"text-editor.default\">\n\t\t\t\t\t\t\t\t\t<p>Sie sollten alle Informationen selbstst\u00e4ndig \u00fcberpr\u00fcfen, bevor Sie darauf basierende Ma\u00dfnahmen ergreifen. Dies schlie\u00dft gegebenenfalls die Beratung durch einen zugelassenen Finanz-, Steuer- oder Rechtsexperten ein.<\/p>\t\t\t\t\t\t\t\t<\/div>\n\t\t\t\t<div class=\"elementor-element elementor-element-9b4d95a elementor-widget elementor-widget-heading\" data-id=\"9b4d95a\" data-element_type=\"widget\" data-e-type=\"widget\" data-widget_type=\"heading.default\">\n\t\t\t\t\t<h2 class=\"elementor-heading-title elementor-size-default\">Keine Garantien<\/h2>\t\t\t\t<\/div>\n\t\t\t\t<div class=\"elementor-element elementor-element-8156bfc elementor-widget elementor-widget-text-editor\" data-id=\"8156bfc\" data-element_type=\"widget\" data-e-type=\"widget\" data-widget_type=\"text-editor.default\">\n\t\t\t\t\t\t\t\t\t<p>Wir \u00fcbernehmen keine Gew\u00e4hr f\u00fcr Gewinne, die Richtigkeit der Daten, die Vollst\u00e4ndigkeit der Inhalte oder den ununterbrochenen Zugriff auf die Website. Technische Probleme, Fehler, Auslassungen und veraltete Informationen k\u00f6nnen auftreten.<\/p>\t\t\t\t\t\t\t\t<\/div>\n\t\t\t\t<div class=\"elementor-element elementor-element-81c6a13 elementor-widget elementor-widget-heading\" data-id=\"81c6a13\" data-element_type=\"widget\" data-e-type=\"widget\" data-widget_type=\"heading.default\">\n\t\t\t\t\t<h2 class=\"elementor-heading-title elementor-size-default\">Externe Links<\/h2>\t\t\t\t<\/div>\n\t\t\t\t<div class=\"elementor-element elementor-element-7166f2e elementor-widget elementor-widget-text-editor\" data-id=\"7166f2e\" data-element_type=\"widget\" data-e-type=\"widget\" data-widget_type=\"text-editor.default\">\n\t\t\t\t\t\t\t\t\t<p><strong>Quantum Trust<\/strong> Wir k\u00f6nnen Links zu Webseiten, Tools oder Diensten Dritter (\u201eExterne Seiten\u201c) bereitstellen. Diese Links dienen lediglich der Benutzerfreundlichkeit. Wir \u00fcbernehmen keine Verantwortung f\u00fcr die Inhalte, die Genauigkeit oder die Praktiken externer Seiten.<\/p>\t\t\t\t\t\t\t\t<\/div>\n\t\t\t\t<div class=\"elementor-element elementor-element-11a0b9c elementor-widget elementor-widget-heading\" data-id=\"11a0b9c\" data-element_type=\"widget\" data-e-type=\"widget\" data-widget_type=\"heading.default\">\n\t\t\t\t\t<h2 class=\"elementor-heading-title elementor-size-default\">Ihre Verantwortung<\/h2>\t\t\t\t<\/div>\n\t\t\t\t<div class=\"elementor-element elementor-element-984a83f elementor-widget elementor-widget-text-editor\" data-id=\"984a83f\" data-element_type=\"widget\" data-e-type=\"widget\" data-widget_type=\"text-editor.default\">\n\t\t\t\t\t\t\t\t\t<p>Durch den Zugriff auf oder die Nutzung dieser Website erkl\u00e4ren Sie sich damit einverstanden, dass alle Anlageentscheidungen auf Ihr eigenes Risiko getroffen werden. Sie stellen quantumtrust-ai.com ausdr\u00fccklich von jeglicher Haftung f\u00fcr direkte oder indirekte Verluste oder Sch\u00e4den frei, die Ihnen entstehen.<\/p><p>Wenn Sie mit einem Teil dieses Haftungsausschlusses nicht einverstanden sind, m\u00fcssen Sie die Nutzung dieser Website unverz\u00fcglich einstellen.<\/p>\t\t\t\t\t\t\t\t<\/div>\n\t\t\t\t<div class=\"elementor-element elementor-element-e5d1a97 elementor-widget elementor-widget-spacer\" data-id=\"e5d1a97\" data-element_type=\"widget\" data-e-type=\"widget\" data-widget_type=\"spacer.default\">\n\t\t\t\t\t\t\t<div class=\"elementor-spacer\">\n\t\t\t<div class=\"elementor-spacer-inner\"><\/div>\n\t\t<\/div>\n\t\t\t\t\t\t<\/div>\n\t\t\t\t\t<\/div>\n\t\t\t\t<\/div>\n\t\t\t\t<\/div>","protected":false},"excerpt":{"rendered":"<p>Disclaimer The information provided by Quantum Trust, its affiliates, contributors, authors, or partners (collectively, \u201cwe\u201d, \u201cus\u201d, or \u201cour\u201d) on this website is for general informational and educational purposes only. No Financial Advice The content on this website \u2014 including but not limited to articles, videos, analysis, market data, charts, signals, tools, and educational material \u2014 [&hellip;]<\/p>\n","protected":false},"author":1,"featured_media":0,"parent":0,"menu_order":0,"comment_status":"closed","ping_status":"closed","template":"elementor_header_footer","meta":{"footnotes":""},"class_list":["post-649","page","type-page","status-publish","hentry"],"_links":{"self":[{"href":"https:\/\/quantumtrust-ai.com\/de\/wp-json\/wp\/v2\/pages\/649","targetHints":{"allow":["GET"]}}],"collection":[{"href":"https:\/\/quantumtrust-ai.com\/de\/wp-json\/wp\/v2\/pages"}],"about":[{"href":"https:\/\/quantumtrust-ai.com\/de\/wp-json\/wp\/v2\/types\/page"}],"author":[{"embeddable":true,"href":"https:\/\/quantumtrust-ai.com\/de\/wp-json\/wp\/v2\/users\/1"}],"replies":[{"embeddable":true,"href":"https:\/\/quantumtrust-ai.com\/de\/wp-json\/wp\/v2\/comments?post=649"}],"version-history":[{"count":0,"href":"https:\/\/quantumtrust-ai.com\/de\/wp-json\/wp\/v2\/pages\/649\/revisions"}],"wp:attachment":[{"href":"https:\/\/quantumtrust-ai.com\/de\/wp-json\/wp\/v2\/media?parent=649"}],"curies":[{"name":"wp","href":"https:\/\/api.w.org\/{rel}","templated":true}]}}