{"id":19,"date":"2025-08-08T10:15:16","date_gmt":"2025-08-08T10:15:16","guid":{"rendered":"https:\/\/quantumtrust-ai.com\/?page_id=19"},"modified":"2025-10-24T12:26:02","modified_gmt":"2025-10-24T12:26:02","slug":"politica-de-privacidad","status":"publish","type":"page","link":"https:\/\/quantumtrust-ai.com\/es\/privacy-policy\/","title":{"rendered":"pol\u00edtica de privacidad"},"content":{"rendered":"<div data-elementor-type=\"wp-page\" data-elementor-id=\"19\" class=\"elementor elementor-19\" data-elementor-post-type=\"page\">\n\t\t\t\t<div class=\"elementor-element elementor-element-1701aaa responsive-section e-flex e-con-boxed e-con e-parent\" data-id=\"1701aaa\" data-element_type=\"container\" data-e-type=\"container\" data-settings=\"{&quot;background_background&quot;:&quot;classic&quot;}\">\n\t\t\t\t\t<div class=\"e-con-inner\">\n\t\t\t\t<div class=\"elementor-element elementor-element-0344071 elementor-widget elementor-widget-spacer\" data-id=\"0344071\" data-element_type=\"widget\" data-e-type=\"widget\" data-widget_type=\"spacer.default\">\n\t\t\t\t\t\t\t<div class=\"elementor-spacer\">\n\t\t\t<div class=\"elementor-spacer-inner\"><\/div>\n\t\t<\/div>\n\t\t\t\t\t\t<\/div>\n\t\t<div class=\"elementor-element elementor-element-74d35cc e-con-full e-flex e-con e-child\" data-id=\"74d35cc\" data-element_type=\"container\" data-e-type=\"container\">\n\t\t\t\t<div class=\"elementor-element elementor-element-3ae4889 elementor-widget elementor-widget-heading\" data-id=\"3ae4889\" data-element_type=\"widget\" data-e-type=\"widget\" data-widget_type=\"heading.default\">\n\t\t\t\t\t<h1 class=\"elementor-heading-title elementor-size-default\">pol\u00edtica de privacidad<\/h1>\t\t\t\t<\/div>\n\t\t\t\t<\/div>\n\t\t\t\t<div class=\"elementor-element elementor-element-548c623 elementor-widget elementor-widget-spacer\" data-id=\"548c623\" data-element_type=\"widget\" data-e-type=\"widget\" data-widget_type=\"spacer.default\">\n\t\t\t\t\t\t\t<div class=\"elementor-spacer\">\n\t\t\t<div class=\"elementor-spacer-inner\"><\/div>\n\t\t<\/div>\n\t\t\t\t\t\t<\/div>\n\t\t\t\t<div class=\"elementor-element elementor-element-a6474b9 elementor-widget elementor-widget-heading\" data-id=\"a6474b9\" data-element_type=\"widget\" data-e-type=\"widget\" data-widget_type=\"heading.default\">\n\t\t\t\t\t<h2 class=\"elementor-heading-title elementor-size-default\">Una breve introducci\u00f3n<\/h2>\t\t\t\t<\/div>\n\t\t\t\t<div class=\"elementor-element elementor-element-afcc84b elementor-widget elementor-widget-text-editor\" data-id=\"afcc84b\" data-element_type=\"widget\" data-e-type=\"widget\" data-widget_type=\"text-editor.default\">\n\t\t\t\t\t\t\t\t\t<p>Accede a nuestra web a trav\u00e9s de: <a href=\"https:\/\/quantumtrust-ai.com\/es\/\">https:\/\/quantumtrust-ai.com\/<\/a><\/p>\t\t\t\t\t\t\t\t<\/div>\n\t\t\t\t<div class=\"elementor-element elementor-element-0e0ee80 elementor-widget elementor-widget-heading\" data-id=\"0e0ee80\" data-element_type=\"widget\" data-e-type=\"widget\" data-widget_type=\"heading.default\">\n\t\t\t\t\t<h2 class=\"elementor-heading-title elementor-size-default\">Comentarios<\/h2>\t\t\t\t<\/div>\n\t\t\t\t<div class=\"elementor-element elementor-element-35d8432 elementor-widget elementor-widget-text-editor\" data-id=\"35d8432\" data-element_type=\"widget\" data-e-type=\"widget\" data-widget_type=\"text-editor.default\">\n\t\t\t\t\t\t\t\t\t<p>Si un usuario publica alg\u00fan comentario en nuestro sitio web, recopilaremos la informaci\u00f3n que se muestra en la secci\u00f3n de comentarios junto con la direcci\u00f3n IP del usuario y los detalles de identificaci\u00f3n del navegador para evitar estafas.<\/p><p>El servicio Avatar podr\u00eda solicitar una secuencia codificada (com\u00fanmente llamada hash) generada a partir de su direcci\u00f3n de correo electr\u00f3nico para validar su uso. Puede consultar los t\u00e9rminos y condiciones del servicio Avatar en: <a href=\"https:\/\/quantumtrust-ai.com\/es\/\">https:\/\/quantumtrust-ai.com\/<\/a><\/p><p>\u00a0Tu fotograf\u00eda de perfil aparece ante la audiencia que visita el sitio web en el cuadro de comentarios despu\u00e9s de haber sido autorizada\u201d.<\/p>\t\t\t\t\t\t\t\t<\/div>\n\t\t\t\t<div class=\"elementor-element elementor-element-11d5525 elementor-widget elementor-widget-heading\" data-id=\"11d5525\" data-element_type=\"widget\" data-e-type=\"widget\" data-widget_type=\"heading.default\">\n\t\t\t\t\t<h2 class=\"elementor-heading-title elementor-size-default\">Medios de comunicaci\u00f3n<\/h2>\t\t\t\t<\/div>\n\t\t\t\t<div class=\"elementor-element elementor-element-93896d6 elementor-widget elementor-widget-text-editor\" data-id=\"93896d6\" data-element_type=\"widget\" data-e-type=\"widget\" data-widget_type=\"text-editor.default\">\n\t\t\t\t\t\t\t\t\t<p>Si est\u00e1 enviando alguna fotograf\u00eda a <strong>Quantum Trust Ai<\/strong>\u00a0Si utiliza una plataforma de comercio, es mejor evitar subir im\u00e1genes con informaci\u00f3n geogr\u00e1fica integrada (GPS EXIF). Esto se debe a que los visitantes del sitio pueden descargar y obtener los datos geogr\u00e1ficos integrados en estas im\u00e1genes.<\/p>\t\t\t\t\t\t\t\t<\/div>\n\t\t\t\t<div class=\"elementor-element elementor-element-b95f72a elementor-widget elementor-widget-heading\" data-id=\"b95f72a\" data-element_type=\"widget\" data-e-type=\"widget\" data-widget_type=\"heading.default\">\n\t\t\t\t\t<h2 class=\"elementor-heading-title elementor-size-default\">Galletas<\/h2>\t\t\t\t<\/div>\n\t\t\t\t<div class=\"elementor-element elementor-element-4ed9226 elementor-widget elementor-widget-text-editor\" data-id=\"4ed9226\" data-element_type=\"widget\" data-e-type=\"widget\" data-widget_type=\"text-editor.default\">\n\t\t\t\t\t\t\t\t\t<p>Si deja un comentario en nuestra plataforma, puede guardar su nombre, correo electr\u00f3nico y sitio web en cookies. Esto le ahorra la molestia de tener que introducir esta informaci\u00f3n una y otra vez. Las cookies guardadas se conservar\u00e1n durante 12 meses.<br \/><br \/>Tras acceder a nuestra p\u00e1gina de inicio de sesi\u00f3n, se instalar\u00e1 una breve cookie para comprobar la compatibilidad del navegador con las cookies. Esta cookie no almacenar\u00e1 ninguna informaci\u00f3n y se eliminar\u00e1 al salir del sitio web.<br \/><br \/>Comenzaremos a establecer varias cookies cuando inicie sesi\u00f3n para almacenar su configuraci\u00f3n de preferencias de visualizaci\u00f3n e informaci\u00f3n de inicio de sesi\u00f3n. Aunque las cookies relacionadas con las preferencias visuales son v\u00e1lidas durante todo un a\u00f1o, las cookies de inicio de sesi\u00f3n solo son buenas durante un per\u00edodo de dos d\u00edas. Seleccione \"Mantener la sesi\u00f3n iniciada\" para asegurarse de que permanezca conectado durante las pr\u00f3ximas dos semanas. Si elige cerrar sesi\u00f3n, se eliminar\u00e1n las cookies de inicio de sesi\u00f3n. se eliminar\u00e1n una vez que salga de su navegador.<br \/><br \/>Si editas o publicas una entrada, tu navegador guardar\u00e1 una cookie adicional. Esta cookie solo indica el ID de la entrada que has editado recientemente; no incluye datos privados y tiene una fecha de caducidad de 24 horas.<\/p>\t\t\t\t\t\t\t\t<\/div>\n\t\t\t\t<div class=\"elementor-element elementor-element-1fcaa5d elementor-widget elementor-widget-heading\" data-id=\"1fcaa5d\" data-element_type=\"widget\" data-e-type=\"widget\" data-widget_type=\"heading.default\">\n\t\t\t\t\t<h2 class=\"elementor-heading-title elementor-size-default\">Contenido de sitios externos\n<\/h2>\t\t\t\t<\/div>\n\t\t\t\t<div class=\"elementor-element elementor-element-999d799 elementor-widget elementor-widget-text-editor\" data-id=\"999d799\" data-element_type=\"widget\" data-e-type=\"widget\" data-widget_type=\"text-editor.default\">\n\t\t\t\t\t\t\t\t\t<p>El contenido de este sitio web puede incluir componentes interconectados (im\u00e1genes, texto, v\u00eddeos, etc.). El contenido incorporado de varios sitios web funciona como si el usuario hubiera visitado otro sitio.<\/p><p>Estos sitios web pueden recopilar datos sobre usted, utilizar cookies, a\u00f1adir seguimiento de terceros y ver c\u00f3mo se comunica con el contenido incorporado. Si tiene una cuenta y accede regularmente a... <strong>Quantum Trust Ai<\/strong>\u00a0sitio web de la plataforma comercial, tambi\u00e9n pueden monitorear c\u00f3mo se comunica con el contenido\u201d.<\/p>\t\t\t\t\t\t\t\t<\/div>\n\t\t\t\t<div class=\"elementor-element elementor-element-0edefb1 elementor-widget elementor-widget-heading\" data-id=\"0edefb1\" data-element_type=\"widget\" data-e-type=\"widget\" data-widget_type=\"heading.default\">\n\t\t\t\t\t<h2 class=\"elementor-heading-title elementor-size-default\">\u00bfCompartimos datos con alguien?<\/h2>\t\t\t\t<\/div>\n\t\t\t\t<div class=\"elementor-element elementor-element-8677ac2 elementor-widget elementor-widget-text-editor\" data-id=\"8677ac2\" data-element_type=\"widget\" data-e-type=\"widget\" data-widget_type=\"text-editor.default\">\n\t\t\t\t\t\t\t\t\t<p>Si es necesario cambiar la contrase\u00f1a, la direcci\u00f3n IP se incluir\u00e1 en el correo electr\u00f3nico.<\/p>\t\t\t\t\t\t\t\t<\/div>\n\t\t\t\t<div class=\"elementor-element elementor-element-8af4f60 elementor-widget elementor-widget-heading\" data-id=\"8af4f60\" data-element_type=\"widget\" data-e-type=\"widget\" data-widget_type=\"heading.default\">\n\t\t\t\t\t<h2 class=\"elementor-heading-title elementor-size-default\">\u00bfCu\u00e1nto tiempo se conservan los datos?<\/h2>\t\t\t\t<\/div>\n\t\t\t\t<div class=\"elementor-element elementor-element-d75b93b elementor-widget elementor-widget-text-editor\" data-id=\"d75b93b\" data-element_type=\"widget\" data-e-type=\"widget\" data-widget_type=\"text-editor.default\">\n\t\t\t\t\t\t\t\t\t<p>Una vez que dejas una rese\u00f1a, esta y sus metadatos se conservan para siempre. De esta forma, garantizamos que cualquier comentario posterior se reconozca y verifique autom\u00e1ticamente, en lugar de retenerlo en el proceso de verificaci\u00f3n.\u00a0<\/p><p>Cuando alguien se registra en nuestro sitio web, tambi\u00e9n protegemos los datos privados que ingresan en su cuenta. Todos los usuarios tienen la libertad de ver, editar o eliminar su informaci\u00f3n privada en cualquier momento. Sin embargo, no pueden cambiar sus nombres de usuario. Estos datos tambi\u00e9n son visibles y editables por <strong>Quantum Trust Ai<\/strong>\u00a0administradores de la plataforma comercial\u201d.<\/p>\t\t\t\t\t\t\t\t<\/div>\n\t\t\t\t<div class=\"elementor-element elementor-element-b919c7c elementor-widget elementor-widget-heading\" data-id=\"b919c7c\" data-element_type=\"widget\" data-e-type=\"widget\" data-widget_type=\"heading.default\">\n\t\t\t\t\t<h2 class=\"elementor-heading-title elementor-size-default\">\u00bfTengo alg\u00fan derecho sobre los datos?<\/h2>\t\t\t\t<\/div>\n\t\t\t\t<div class=\"elementor-element elementor-element-2a5a048 elementor-widget elementor-widget-text-editor\" data-id=\"2a5a048\" data-element_type=\"widget\" data-e-type=\"widget\" data-widget_type=\"text-editor.default\">\n\t\t\t\t\t\t\t\t\t<p>Si usted es titular de una cuenta de <strong>Quantum Trust Ai<\/strong>\u00a0Plataforma de negociaci\u00f3n o si ha dejado comentarios anteriormente, tiene derecho a una copia de la informaci\u00f3n privada que tenemos archivada sobre usted. Esto incluye cualquier informaci\u00f3n que nos haya proporcionado expl\u00edcitamente. Tambi\u00e9n puede solicitar que eliminemos cualquier informaci\u00f3n confidencial que tengamos sobre usted. No obstante, esto excluye cualquier informaci\u00f3n que debamos conservar por motivos administrativos, legales o de seguridad.<\/p>\t\t\t\t\t\t\t\t<\/div>\n\t\t\t\t<div class=\"elementor-element elementor-element-5fc41b9 elementor-widget elementor-widget-heading\" data-id=\"5fc41b9\" data-element_type=\"widget\" data-e-type=\"widget\" data-widget_type=\"heading.default\">\n\t\t\t\t\t<h2 class=\"elementor-heading-title elementor-size-default\">\u00bfSe env\u00edan los datos a alg\u00fan lugar?<\/h2>\t\t\t\t<\/div>\n\t\t\t\t<div class=\"elementor-element elementor-element-562c624 elementor-widget elementor-widget-text-editor\" data-id=\"562c624\" data-element_type=\"widget\" data-e-type=\"widget\" data-widget_type=\"text-editor.default\">\n\t\t\t\t\t\t\t\t\t<p>Los comentarios que realicen los visitantes pasar\u00e1n por un proceso de verificaci\u00f3n a trav\u00e9s del sistema de identificaci\u00f3n de spam.<\/p>\t\t\t\t\t\t\t\t<\/div>\n\t\t\t\t<div class=\"elementor-element elementor-element-3768a87 elementor-widget elementor-widget-heading\" data-id=\"3768a87\" data-element_type=\"widget\" data-e-type=\"widget\" data-widget_type=\"heading.default\">\n\t\t\t\t\t<h2 class=\"elementor-heading-title elementor-size-default\">Contacta con nosotras<\/h2>\t\t\t\t<\/div>\n\t\t\t\t<div class=\"elementor-element elementor-element-720ed82 elementor-widget elementor-widget-text-editor\" data-id=\"720ed82\" data-element_type=\"widget\" data-e-type=\"widget\" data-widget_type=\"text-editor.default\">\n\t\t\t\t\t\t\t\t\t<p>Si tiene alguna pregunta sobre esta Pol\u00edtica de privacidad, puede comunicarse con nosotros:<\/p><p><a href=\"mailto:support@quantumtrust-ai.com\">support@quantumtrust-ai.com<\/a><\/p>\t\t\t\t\t\t\t\t<\/div>\n\t\t\t\t<div class=\"elementor-element elementor-element-c230030 elementor-widget elementor-widget-spacer\" data-id=\"c230030\" data-element_type=\"widget\" data-e-type=\"widget\" data-widget_type=\"spacer.default\">\n\t\t\t\t\t\t\t<div class=\"elementor-spacer\">\n\t\t\t<div class=\"elementor-spacer-inner\"><\/div>\n\t\t<\/div>\n\t\t\t\t\t\t<\/div>\n\t\t\t\t\t<\/div>\n\t\t\t\t<\/div>\n\t\t\t\t<\/div>","protected":false},"excerpt":{"rendered":"<p>Privacy Policy A Brief Intro Access our website through the: https:\/\/quantumtrust-ai.com\/ Comments If a user posts any comment on our website, we will collect the information that is shown in the comment section along with the user&#8217;s IP address and browser identification details to prevent any scams. The Avatar service may request an encoded sequence [&hellip;]<\/p>\n","protected":false},"author":1,"featured_media":0,"parent":0,"menu_order":0,"comment_status":"closed","ping_status":"closed","template":"elementor_header_footer","meta":{"footnotes":""},"class_list":["post-19","page","type-page","status-publish","hentry"],"_links":{"self":[{"href":"https:\/\/quantumtrust-ai.com\/es\/wp-json\/wp\/v2\/pages\/19","targetHints":{"allow":["GET"]}}],"collection":[{"href":"https:\/\/quantumtrust-ai.com\/es\/wp-json\/wp\/v2\/pages"}],"about":[{"href":"https:\/\/quantumtrust-ai.com\/es\/wp-json\/wp\/v2\/types\/page"}],"author":[{"embeddable":true,"href":"https:\/\/quantumtrust-ai.com\/es\/wp-json\/wp\/v2\/users\/1"}],"replies":[{"embeddable":true,"href":"https:\/\/quantumtrust-ai.com\/es\/wp-json\/wp\/v2\/comments?post=19"}],"version-history":[{"count":0,"href":"https:\/\/quantumtrust-ai.com\/es\/wp-json\/wp\/v2\/pages\/19\/revisions"}],"wp:attachment":[{"href":"https:\/\/quantumtrust-ai.com\/es\/wp-json\/wp\/v2\/media?parent=19"}],"curies":[{"name":"wp","href":"https:\/\/api.w.org\/{rel}","templated":true}]}}