{"id":388,"date":"2025-10-23T12:52:51","date_gmt":"2025-10-23T12:52:51","guid":{"rendered":"https:\/\/quantumtrust-ai.com\/?page_id=388"},"modified":"2025-12-10T12:05:20","modified_gmt":"2025-12-10T12:05:20","slug":"descargar-aplicacion-de-amazon-2","status":"publish","type":"page","link":"https:\/\/quantumtrust-ai.com\/es\/download-amazon-app\/","title":{"rendered":"download amazon app"},"content":{"rendered":"<div data-elementor-type=\"wp-page\" data-elementor-id=\"388\" class=\"elementor elementor-388\" data-elementor-post-type=\"page\">\n\t\t\t\t<div class=\"elementor-element elementor-element-81ed56c e-flex e-con-boxed e-con e-parent\" data-id=\"81ed56c\" data-element_type=\"container\" data-e-type=\"container\" data-settings=\"{&quot;background_background&quot;:&quot;classic&quot;}\">\n\t\t\t\t\t<div class=\"e-con-inner\">\n\t\t<div class=\"elementor-element elementor-element-d2b2a3b e-con-full e-flex e-con e-child\" data-id=\"d2b2a3b\" data-element_type=\"container\" data-e-type=\"container\">\n\t\t\t\t<div class=\"elementor-element elementor-element-da2a531 elementor-widget elementor-widget-heading\" data-id=\"da2a531\" data-element_type=\"widget\" data-e-type=\"widget\" data-widget_type=\"heading.default\">\n\t\t\t\t\t<h1 class=\"elementor-heading-title elementor-size-default\">C\u00f3mo instalar una aplicaci\u00f3n de AWS Appstore en un tel\u00e9fono Android<\/h1>\t\t\t\t<\/div>\n\t\t\t\t<div class=\"elementor-element elementor-element-8a3c630 elementor-widget elementor-widget-text-editor\" data-id=\"8a3c630\" data-element_type=\"widget\" data-e-type=\"widget\" data-widget_type=\"text-editor.default\">\n\t\t\t\t\t\t\t\t\t<ol>\n \t<li>Instalar la Amazon AppStore.<\/li>\n \t<li>Cree una cuenta e inicie sesi\u00f3n en Amazon AppStore.<\/li>\n \t<li>Busque la aplicaci\u00f3n \u201cQuantum Prime Profit\u201d y haga clic <a style=\"color: #9695f4;\" href=\"https:\/\/www.amazon.com\/gp\/product\/B0DPQMLJRX\" target=\"_blank\" rel=\"noopener\">Obtener la aplicaci\u00f3n.<\/a><\/li>\n \t<li>Instalar y utilizar la aplicaci\u00f3n.<\/li>\n<\/ol>\t\t\t\t\t\t\t\t<\/div>\n\t\t\t\t<\/div>\n\t\t<div class=\"elementor-element elementor-element-a90d43f e-con-full e-flex e-con e-child\" data-id=\"a90d43f\" data-element_type=\"container\" data-e-type=\"container\">\n\t\t\t\t<div class=\"elementor-element elementor-element-0635c44 elementor-widget__width-initial elementor-widget-tablet__width-initial elementor-widget-mobile__width-initial elementor-widget elementor-widget-image\" data-id=\"0635c44\" data-element_type=\"widget\" data-e-type=\"widget\" data-widget_type=\"image.default\">\n\t\t\t\t\t\t\t\t\t\t\t\t\t\t\t<img fetchpriority=\"high\" decoding=\"async\" width=\"517\" height=\"1024\" src=\"https:\/\/quantumtrust-ai.com\/wp-content\/uploads\/2025\/10\/Screenshot-Quamtu-prime-profit-517x1024-1.webp\" class=\"attachment-large size-large wp-image-391\" alt=\"Maqueta de la aplicaci\u00f3n de Amazon\" srcset=\"https:\/\/quantumtrust-ai.com\/wp-content\/uploads\/2025\/10\/Screenshot-Quamtu-prime-profit-517x1024-1.webp 517w, https:\/\/quantumtrust-ai.com\/wp-content\/uploads\/2025\/10\/Screenshot-Quamtu-prime-profit-517x1024-1-151x300.webp 151w\" sizes=\"(max-width: 517px) 100vw, 517px\" \/>\t\t\t\t\t\t\t\t\t\t\t\t\t\t\t<\/div>\n\t\t\t\t<\/div>\n\t\t\t\t\t<\/div>\n\t\t\t\t<\/div>\n\t\t\t\t<\/div>","protected":false},"excerpt":{"rendered":"<p>How to install app from AWS Appstore to android Phone Install the Amazon AppStore. Create account and login to Amazon AppStore. Search for app \u201cQuantum Prime Profit\u201d and click Get App. Install and use App.<\/p>","protected":false},"author":1,"featured_media":0,"parent":0,"menu_order":0,"comment_status":"closed","ping_status":"closed","template":"elementor_header_footer","meta":{"footnotes":""},"class_list":["post-388","page","type-page","status-publish","hentry"],"_links":{"self":[{"href":"https:\/\/quantumtrust-ai.com\/es\/wp-json\/wp\/v2\/pages\/388","targetHints":{"allow":["GET"]}}],"collection":[{"href":"https:\/\/quantumtrust-ai.com\/es\/wp-json\/wp\/v2\/pages"}],"about":[{"href":"https:\/\/quantumtrust-ai.com\/es\/wp-json\/wp\/v2\/types\/page"}],"author":[{"embeddable":true,"href":"https:\/\/quantumtrust-ai.com\/es\/wp-json\/wp\/v2\/users\/1"}],"replies":[{"embeddable":true,"href":"https:\/\/quantumtrust-ai.com\/es\/wp-json\/wp\/v2\/comments?post=388"}],"version-history":[{"count":0,"href":"https:\/\/quantumtrust-ai.com\/es\/wp-json\/wp\/v2\/pages\/388\/revisions"}],"wp:attachment":[{"href":"https:\/\/quantumtrust-ai.com\/es\/wp-json\/wp\/v2\/media?parent=388"}],"curies":[{"name":"wp","href":"https:\/\/api.w.org\/{rel}","templated":true}]}}