{"id":649,"date":"2025-12-26T09:23:33","date_gmt":"2025-12-26T09:23:33","guid":{"rendered":"https:\/\/quantumtrust-ai.com\/?page_id=649"},"modified":"2025-12-26T10:20:23","modified_gmt":"2025-12-26T10:20:23","slug":"descargo-de-responsabilidad","status":"publish","type":"page","link":"https:\/\/quantumtrust-ai.com\/es\/disclaimer\/","title":{"rendered":"Descargo de responsabilidad"},"content":{"rendered":"<div data-elementor-type=\"wp-page\" data-elementor-id=\"649\" class=\"elementor elementor-649\" data-elementor-post-type=\"page\">\n\t\t\t\t<div class=\"elementor-element elementor-element-e118328 responsive-section e-flex e-con-boxed e-con e-parent\" data-id=\"e118328\" data-element_type=\"container\" data-e-type=\"container\" data-settings=\"{&quot;background_background&quot;:&quot;classic&quot;}\">\n\t\t\t\t\t<div class=\"e-con-inner\">\n\t\t\t\t<div class=\"elementor-element elementor-element-e1f3053 elementor-widget elementor-widget-spacer\" data-id=\"e1f3053\" data-element_type=\"widget\" data-e-type=\"widget\" data-widget_type=\"spacer.default\">\n\t\t\t\t\t\t\t<div class=\"elementor-spacer\">\n\t\t\t<div class=\"elementor-spacer-inner\"><\/div>\n\t\t<\/div>\n\t\t\t\t\t\t<\/div>\n\t\t<div class=\"elementor-element elementor-element-e0e7d1c e-con-full e-flex e-con e-child\" data-id=\"e0e7d1c\" data-element_type=\"container\" data-e-type=\"container\">\n\t\t\t\t<div class=\"elementor-element elementor-element-509fb6a elementor-widget elementor-widget-heading\" data-id=\"509fb6a\" data-element_type=\"widget\" data-e-type=\"widget\" data-widget_type=\"heading.default\">\n\t\t\t\t\t<h1 class=\"elementor-heading-title elementor-size-default\">Descargo de responsabilidad<\/h1>\t\t\t\t<\/div>\n\t\t\t\t<\/div>\n\t\t\t\t<div class=\"elementor-element elementor-element-7578df8 elementor-widget elementor-widget-spacer\" data-id=\"7578df8\" data-element_type=\"widget\" data-e-type=\"widget\" data-widget_type=\"spacer.default\">\n\t\t\t\t\t\t\t<div class=\"elementor-spacer\">\n\t\t\t<div class=\"elementor-spacer-inner\"><\/div>\n\t\t<\/div>\n\t\t\t\t\t\t<\/div>\n\t\t\t\t<div class=\"elementor-element elementor-element-b8b0d03 elementor-widget elementor-widget-text-editor\" data-id=\"b8b0d03\" data-element_type=\"widget\" data-e-type=\"widget\" data-widget_type=\"text-editor.default\">\n\t\t\t\t\t\t\t\t\t<p class=\"translation-block\">La informaci\u00f3n proporcionada por Quantum Trust, sus afiliados, colaboradores, autores o socios (colectivamente, \u201cnosotros\u201d, \u201cnos\u201d o \u201cnuestro\u201d) en este sitio web es solo para fines informativos y educativos generales.<\/p>\t\t\t\t\t\t\t\t<\/div>\n\t\t\t\t<div class=\"elementor-element elementor-element-1228b4f elementor-widget elementor-widget-heading\" data-id=\"1228b4f\" data-element_type=\"widget\" data-e-type=\"widget\" data-widget_type=\"heading.default\">\n\t\t\t\t\t<h2 class=\"elementor-heading-title elementor-size-default\">Sin asesoramiento financiero<\/h2>\t\t\t\t<\/div>\n\t\t\t\t<div class=\"elementor-element elementor-element-20a94b1 elementor-widget elementor-widget-text-editor\" data-id=\"20a94b1\" data-element_type=\"widget\" data-e-type=\"widget\" data-widget_type=\"text-editor.default\">\n\t\t\t\t\t\t\t\t\t<p>El contenido de este sitio web, que incluye, entre otros, art\u00edculos, videos, an\u00e1lisis, datos de mercado, gr\u00e1ficos, se\u00f1ales, herramientas y material educativo, no constituye asesoramiento financiero, de inversi\u00f3n, legal, fiscal ni de ning\u00fan otro tipo. Nada de lo contenido en este sitio constituye una recomendaci\u00f3n, solicitud, oferta o respaldo para comprar, vender, mantener o negociar ning\u00fan instrumento financiero, valor, materia prima, divisa, activo digital o producto de inversi\u00f3n.<\/p>\t\t\t\t\t\t\t\t<\/div>\n\t\t\t\t<div class=\"elementor-element elementor-element-06d85c6 elementor-widget elementor-widget-heading\" data-id=\"06d85c6\" data-element_type=\"widget\" data-e-type=\"widget\" data-widget_type=\"heading.default\">\n\t\t\t\t\t<h2 class=\"elementor-heading-title elementor-size-default\">Reconocimiento de riesgos<\/h2>\t\t\t\t<\/div>\n\t\t\t\t<div class=\"elementor-element elementor-element-57bb1ee elementor-widget elementor-widget-text-editor\" data-id=\"57bb1ee\" data-element_type=\"widget\" data-e-type=\"widget\" data-widget_type=\"text-editor.default\">\n\t\t\t\t\t\t\t\t\t<p>Operar en los mercados financieros, incluyendo divisas (FX), contratos por diferencia (CFD), criptomonedas, acciones, \u00edndices y otros derivados, conlleva un riesgo significativo y no es adecuado para todos los inversores. El rendimiento pasado no garantiza resultados futuros. Debe evaluar cuidadosamente su situaci\u00f3n financiera y su tolerancia al riesgo antes de realizar cualquier actividad de trading o inversi\u00f3n.<\/p>\t\t\t\t\t\t\t\t<\/div>\n\t\t\t\t<div class=\"elementor-element elementor-element-7463e24 elementor-widget elementor-widget-heading\" data-id=\"7463e24\" data-element_type=\"widget\" data-e-type=\"widget\" data-widget_type=\"heading.default\">\n\t\t\t\t\t<h2 class=\"elementor-heading-title elementor-size-default\">Sin responsabilidad<\/h2>\t\t\t\t<\/div>\n\t\t\t\t<div class=\"elementor-element elementor-element-d5ed55e elementor-widget elementor-widget-text-editor\" data-id=\"d5ed55e\" data-element_type=\"widget\" data-e-type=\"widget\" data-widget_type=\"text-editor.default\">\n\t\t\t\t\t\t\t\t\t<p>No ofrecemos garant\u00edas sobre la exactitud, fiabilidad, actualidad, integridad ni idoneidad de la informaci\u00f3n contenida en este sitio web. Al utilizar este sitio, usted acepta expresamente que:<\/p><ul><li class=\"translation-block\"><strong>Quantum Trust<\/strong>, sus propietarios, empleados, contratistas, funcionarios y socios no son <strong>responsables<\/strong> de ninguna p\u00e9rdida, da\u00f1o, costo o gasto que surja directa o indirectamente de su uso de este sitio o de su confianza en su contenido;<\/li><li>Usted asume toda la responsabilidad por sus decisiones, operaciones, estrategias y resultados.<\/li><\/ul>\t\t\t\t\t\t\t\t<\/div>\n\t\t\t\t<div class=\"elementor-element elementor-element-b1dc282 elementor-widget elementor-widget-heading\" data-id=\"b1dc282\" data-element_type=\"widget\" data-e-type=\"widget\" data-widget_type=\"heading.default\">\n\t\t\t\t\t<h2 class=\"elementor-heading-title elementor-size-default\">Verificaci\u00f3n independiente<\/h2>\t\t\t\t<\/div>\n\t\t\t\t<div class=\"elementor-element elementor-element-f9dc833 elementor-widget elementor-widget-text-editor\" data-id=\"f9dc833\" data-element_type=\"widget\" data-e-type=\"widget\" data-widget_type=\"text-editor.default\">\n\t\t\t\t\t\t\t\t\t<p>Debe verificar de forma independiente toda la informaci\u00f3n antes de actuar. Esto incluye consultar con un profesional financiero, fiscal o legal autorizado, cuando corresponda.<\/p>\t\t\t\t\t\t\t\t<\/div>\n\t\t\t\t<div class=\"elementor-element elementor-element-9b4d95a elementor-widget elementor-widget-heading\" data-id=\"9b4d95a\" data-element_type=\"widget\" data-e-type=\"widget\" data-widget_type=\"heading.default\">\n\t\t\t\t\t<h2 class=\"elementor-heading-title elementor-size-default\">Sin garant\u00edas<\/h2>\t\t\t\t<\/div>\n\t\t\t\t<div class=\"elementor-element elementor-element-8156bfc elementor-widget elementor-widget-text-editor\" data-id=\"8156bfc\" data-element_type=\"widget\" data-e-type=\"widget\" data-widget_type=\"text-editor.default\">\n\t\t\t\t\t\t\t\t\t<p>No garantizamos las ganancias, la exactitud de los datos, la integridad del contenido ni el acceso ininterrumpido al sitio. Podr\u00edan producirse problemas t\u00e9cnicos, errores, omisiones e informaci\u00f3n desactualizada.<\/p>\t\t\t\t\t\t\t\t<\/div>\n\t\t\t\t<div class=\"elementor-element elementor-element-81c6a13 elementor-widget elementor-widget-heading\" data-id=\"81c6a13\" data-element_type=\"widget\" data-e-type=\"widget\" data-widget_type=\"heading.default\">\n\t\t\t\t\t<h2 class=\"elementor-heading-title elementor-size-default\">Enlaces externos<\/h2>\t\t\t\t<\/div>\n\t\t\t\t<div class=\"elementor-element elementor-element-7166f2e elementor-widget elementor-widget-text-editor\" data-id=\"7166f2e\" data-element_type=\"widget\" data-e-type=\"widget\" data-widget_type=\"text-editor.default\">\n\t\t\t\t\t\t\t\t\t<p><strong>Quantum Trust<\/strong> Puede enlazar a sitios web, herramientas o servicios de terceros (\u00abSitios Externos\u00bb). Estos enlaces se proporcionan \u00fanicamente para su comodidad. No respaldamos ni nos responsabilizamos del contenido, la precisi\u00f3n ni las pr\u00e1cticas de ning\u00fan Sitio Externo.<\/p>\t\t\t\t\t\t\t\t<\/div>\n\t\t\t\t<div class=\"elementor-element elementor-element-11a0b9c elementor-widget elementor-widget-heading\" data-id=\"11a0b9c\" data-element_type=\"widget\" data-e-type=\"widget\" data-widget_type=\"heading.default\">\n\t\t\t\t\t<h2 class=\"elementor-heading-title elementor-size-default\">Su responsabilidad<\/h2>\t\t\t\t<\/div>\n\t\t\t\t<div class=\"elementor-element elementor-element-984a83f elementor-widget elementor-widget-text-editor\" data-id=\"984a83f\" data-element_type=\"widget\" data-e-type=\"widget\" data-widget_type=\"text-editor.default\">\n\t\t\t\t\t\t\t\t\t<p>Al acceder o utilizar este sitio web, usted acepta que todas las decisiones de inversi\u00f3n se toman bajo su propio riesgo. Exime expresamente a quantumtrust-ai.com de toda responsabilidad por cualquier p\u00e9rdida o da\u00f1o, directo o indirecto, que usted sufra.<\/p><p>Si no est\u00e1 de acuerdo con alguna parte de este descargo de responsabilidad, deber\u00e1 dejar de usar este sitio web inmediatamente.<\/p>\t\t\t\t\t\t\t\t<\/div>\n\t\t\t\t<div class=\"elementor-element elementor-element-e5d1a97 elementor-widget elementor-widget-spacer\" data-id=\"e5d1a97\" data-element_type=\"widget\" data-e-type=\"widget\" data-widget_type=\"spacer.default\">\n\t\t\t\t\t\t\t<div class=\"elementor-spacer\">\n\t\t\t<div class=\"elementor-spacer-inner\"><\/div>\n\t\t<\/div>\n\t\t\t\t\t\t<\/div>\n\t\t\t\t\t<\/div>\n\t\t\t\t<\/div>\n\t\t\t\t<\/div>","protected":false},"excerpt":{"rendered":"<p>Disclaimer The information provided by Quantum Trust, its affiliates, contributors, authors, or partners (collectively, \u201cwe\u201d, \u201cus\u201d, or \u201cour\u201d) on this website is for general informational and educational purposes only. No Financial Advice The content on this website \u2014 including but not limited to articles, videos, analysis, market data, charts, signals, tools, and educational material \u2014 [&hellip;]<\/p>\n","protected":false},"author":1,"featured_media":0,"parent":0,"menu_order":0,"comment_status":"closed","ping_status":"closed","template":"elementor_header_footer","meta":{"footnotes":""},"class_list":["post-649","page","type-page","status-publish","hentry"],"_links":{"self":[{"href":"https:\/\/quantumtrust-ai.com\/es\/wp-json\/wp\/v2\/pages\/649","targetHints":{"allow":["GET"]}}],"collection":[{"href":"https:\/\/quantumtrust-ai.com\/es\/wp-json\/wp\/v2\/pages"}],"about":[{"href":"https:\/\/quantumtrust-ai.com\/es\/wp-json\/wp\/v2\/types\/page"}],"author":[{"embeddable":true,"href":"https:\/\/quantumtrust-ai.com\/es\/wp-json\/wp\/v2\/users\/1"}],"replies":[{"embeddable":true,"href":"https:\/\/quantumtrust-ai.com\/es\/wp-json\/wp\/v2\/comments?post=649"}],"version-history":[{"count":0,"href":"https:\/\/quantumtrust-ai.com\/es\/wp-json\/wp\/v2\/pages\/649\/revisions"}],"wp:attachment":[{"href":"https:\/\/quantumtrust-ai.com\/es\/wp-json\/wp\/v2\/media?parent=649"}],"curies":[{"name":"wp","href":"https:\/\/api.w.org\/{rel}","templated":true}]}}