{"id":13,"date":"2025-08-08T10:13:45","date_gmt":"2025-08-08T10:13:45","guid":{"rendered":"https:\/\/quantumtrust-ai.com\/?page_id=13"},"modified":"2025-12-10T13:19:10","modified_gmt":"2025-12-10T13:19:10","slug":"a-propos-de-nous","status":"publish","type":"page","link":"https:\/\/quantumtrust-ai.com\/fr\/about-us\/","title":{"rendered":"\u00c0 propos de nous"},"content":{"rendered":"<div data-elementor-type=\"wp-page\" data-elementor-id=\"13\" class=\"elementor elementor-13\" data-elementor-post-type=\"page\">\n\t\t\t\t<div class=\"elementor-element elementor-element-0864314 e-flex e-con-boxed e-con e-parent\" data-id=\"0864314\" data-element_type=\"container\" data-e-type=\"container\" data-settings=\"{&quot;background_background&quot;:&quot;classic&quot;}\">\n\t\t\t\t\t<div class=\"e-con-inner\">\n\t\t<div class=\"elementor-element elementor-element-1191279 e-con-full e-flex e-con e-child\" data-id=\"1191279\" data-element_type=\"container\" data-e-type=\"container\">\n\t\t\t\t<div class=\"elementor-element elementor-element-9a916b0 elementor-widget elementor-widget-heading\" data-id=\"9a916b0\" data-element_type=\"widget\" data-e-type=\"widget\" data-widget_type=\"heading.default\">\n\t\t\t\t\t<h1 class=\"elementor-heading-title elementor-size-default\">\u00c0 propos de nous<\/h1>\t\t\t\t<\/div>\n\t\t\t\t<div class=\"elementor-element elementor-element-3c453f6 elementor-widget elementor-widget-text-editor\" data-id=\"3c453f6\" data-element_type=\"widget\" data-e-type=\"widget\" data-widget_type=\"text-editor.default\">\n\t\t\t\t\t\t\t\t\t<p>Quantum Trust Ai! est le point de convergence de l'innovation et de la pr\u00e9cision dans le domaine du trading algorithmique. Notre plateforme de pointe est con\u00e7ue pour offrir aux traders une technologie avanc\u00e9e, des analyses pertinentes et une ex\u00e9cution irr\u00e9prochable. Chez Quantum Trust Ai!, nous nous engageons \u00e0 fournir les outils essentiels \u00e0 la r\u00e9ussite dans l'univers dynamique du trading d'actifs num\u00e9riques.<\/p>\t\t\t\t\t\t\t\t<\/div>\n\t\t\t\t<\/div>\n\t\t<div class=\"elementor-element elementor-element-c71024c e-con-full e-flex e-con e-child\" data-id=\"c71024c\" data-element_type=\"container\" data-e-type=\"container\">\n\t\t\t\t<div class=\"elementor-element elementor-element-af977aa elementor-widget-mobile__width-initial elementor-widget elementor-widget-image\" data-id=\"af977aa\" data-element_type=\"widget\" data-e-type=\"widget\" data-widget_type=\"image.default\">\n\t\t\t\t\t\t\t\t\t\t\t\t\t\t\t<img fetchpriority=\"high\" decoding=\"async\" width=\"800\" height=\"691\" src=\"https:\/\/quantumtrust-ai.com\/wp-content\/uploads\/2025\/12\/About-Us.webp\" class=\"attachment-large size-large wp-image-625\" alt=\"Plateforme Quantum Trust\" srcset=\"https:\/\/quantumtrust-ai.com\/wp-content\/uploads\/2025\/12\/About-Us.webp 972w, https:\/\/quantumtrust-ai.com\/wp-content\/uploads\/2025\/12\/About-Us-300x259.webp 300w, https:\/\/quantumtrust-ai.com\/wp-content\/uploads\/2025\/12\/About-Us-768x664.webp 768w, https:\/\/quantumtrust-ai.com\/wp-content\/uploads\/2025\/12\/About-Us-14x12.webp 14w\" sizes=\"(max-width: 800px) 100vw, 800px\" \/>\t\t\t\t\t\t\t\t\t\t\t\t\t\t\t<\/div>\n\t\t\t\t<\/div>\n\t\t\t\t\t<\/div>\n\t\t\t\t<\/div>\n\t\t<div class=\"elementor-element elementor-element-152f23a e-flex e-con-boxed e-con e-parent\" data-id=\"152f23a\" data-element_type=\"container\" data-e-type=\"container\" data-settings=\"{&quot;background_background&quot;:&quot;classic&quot;}\">\n\t\t\t\t\t<div class=\"e-con-inner\">\n\t\t<div class=\"elementor-element elementor-element-46383b9 e-con-full e-flex e-con e-child\" data-id=\"46383b9\" data-element_type=\"container\" data-e-type=\"container\">\n\t\t<div class=\"elementor-element elementor-element-97b8078 e-con-full e-flex e-con e-child\" data-id=\"97b8078\" data-element_type=\"container\" data-e-type=\"container\">\n\t\t\t\t<div class=\"elementor-element elementor-element-d0550c0 elementor-widget elementor-widget-image\" data-id=\"d0550c0\" data-element_type=\"widget\" data-e-type=\"widget\" data-widget_type=\"image.default\">\n\t\t\t\t\t\t\t\t\t\t\t\t\t\t\t<img decoding=\"async\" width=\"640\" height=\"500\" src=\"https:\/\/quantumtrust-ai.com\/wp-content\/uploads\/2025\/08\/how-we-started.webp\" class=\"attachment-large size-large wp-image-146\" alt=\"\" srcset=\"https:\/\/quantumtrust-ai.com\/wp-content\/uploads\/2025\/08\/how-we-started.webp 640w, https:\/\/quantumtrust-ai.com\/wp-content\/uploads\/2025\/08\/how-we-started-300x234.webp 300w\" sizes=\"(max-width: 640px) 100vw, 640px\" \/>\t\t\t\t\t\t\t\t\t\t\t\t\t\t\t<\/div>\n\t\t\t\t<\/div>\n\t\t<div class=\"elementor-element elementor-element-c642350 e-con-full e-flex e-con e-child\" data-id=\"c642350\" data-element_type=\"container\" data-e-type=\"container\">\n\t\t\t\t<div class=\"elementor-element elementor-element-f8fcf72 elementor-widget elementor-widget-heading\" data-id=\"f8fcf72\" data-element_type=\"widget\" data-e-type=\"widget\" data-widget_type=\"heading.default\">\n\t\t\t\t\t<h2 class=\"elementor-heading-title elementor-size-default\">Comment avons-nous commenc\u00e9 ?<\/h2>\t\t\t\t<\/div>\n\t\t\t\t<div class=\"elementor-element elementor-element-90d3e11 elementor-widget elementor-widget-heading\" data-id=\"90d3e11\" data-element_type=\"widget\" data-e-type=\"widget\" data-widget_type=\"heading.default\">\n\t\t\t\t\t<h2 class=\"elementor-heading-title elementor-size-default\">Anim\u00e9s par l'inspiration, nous sommes les leaders !<\/h2>\t\t\t\t<\/div>\n\t\t\t\t<div class=\"elementor-element elementor-element-ce17ed0 elementor-widget elementor-widget-text-editor\" data-id=\"ce17ed0\" data-element_type=\"widget\" data-e-type=\"widget\" data-widget_type=\"text-editor.default\">\n\t\t\t\t\t\t\t\t\t<p>Des strat\u00e9gies de trading \u00e0 l'analyse de march\u00e9, nous d\u00e9veloppons et innovons constamment. Gr\u00e2ce \u00e0 une formation compl\u00e8te, un mentorat et des perspectives de carri\u00e8re flexibles, vous pouvez facilement passer d'un style de trading \u00e0 un autre.<\/p>\t\t\t\t\t\t\t\t<\/div>\n\t\t\t\t<div class=\"elementor-element elementor-element-a4f57df elementor-widget elementor-widget-heading\" data-id=\"a4f57df\" data-element_type=\"widget\" data-e-type=\"widget\" data-widget_type=\"heading.default\">\n\t\t\t\t\t<h2 class=\"elementor-heading-title elementor-size-default\">Ensemble, nous prosp\u00e9rons !\n<\/h2>\t\t\t\t<\/div>\n\t\t\t\t<div class=\"elementor-element elementor-element-efcdeb0 elementor-widget elementor-widget-text-editor\" data-id=\"efcdeb0\" data-element_type=\"widget\" data-e-type=\"widget\" data-widget_type=\"text-editor.default\">\n\t\t\t\t\t\t\t\t\t<p>Rejoignez une \u00e9quipe d\u00e9di\u00e9e \u00e0 la r\u00e9ussite des traders. Une \u00e9quipe o\u00f9 chaque jour apporte son lot de d\u00e9fis, vous incitant \u00e0 prendre des risques audacieux et r\u00e9fl\u00e9chis. Ici, vous d\u00e9couvrirez comment nous collaborons pour \u00e9tablir de nouvelles r\u00e9f\u00e9rences dans le secteur du trading. Nous sommes convaincus que la diversit\u00e9 est un moteur d'innovation et nous la valorisons pleinement.<\/p>\t\t\t\t\t\t\t\t<\/div>\n\t\t\t\t<div class=\"elementor-element elementor-element-5e426db elementor-align-center elementor-tablet-align-center elementor-widget elementor-widget-button\" data-id=\"5e426db\" data-element_type=\"widget\" data-e-type=\"widget\" data-widget_type=\"button.default\">\n\t\t\t\t\t\t\t\t\t\t<a class=\"elementor-button elementor-button-link elementor-size-sm\" href=\"https:\/\/quantumtrust-ai.com\/fr\/contactez-nous\/#Register\">\n\t\t\t\t\t\t<span class=\"elementor-button-content-wrapper\">\n\t\t\t\t\t\t\t\t\t<span class=\"elementor-button-text\">Inscrivez-vous maintenant<\/span>\n\t\t\t\t\t<\/span>\n\t\t\t\t\t<\/a>\n\t\t\t\t\t\t\t\t<\/div>\n\t\t\t\t<\/div>\n\t\t\t\t<\/div>\n\t\t<div class=\"elementor-element elementor-element-3845140 e-con-full e-flex e-con e-child\" data-id=\"3845140\" data-element_type=\"container\" data-e-type=\"container\">\n\t\t<div class=\"elementor-element elementor-element-a19e2af e-con-full e-flex e-con e-child\" data-id=\"a19e2af\" data-element_type=\"container\" data-e-type=\"container\" data-settings=\"{&quot;background_background&quot;:&quot;classic&quot;}\">\n\t\t\t\t<div class=\"elementor-element elementor-element-4db3c1a elementor-widget elementor-widget-image\" data-id=\"4db3c1a\" data-element_type=\"widget\" data-e-type=\"widget\" data-widget_type=\"image.default\">\n\t\t\t\t\t\t\t\t\t\t\t\t\t\t\t<img decoding=\"async\" width=\"289\" height=\"147\" src=\"https:\/\/quantumtrust-ai.com\/wp-content\/uploads\/2025\/08\/partner_1.webp\" class=\"attachment-large size-large wp-image-77\" alt=\"\" \/>\t\t\t\t\t\t\t\t\t\t\t\t\t\t\t<\/div>\n\t\t<div class=\"elementor-element elementor-element-27ff739 e-con-full e-flex e-con e-child\" data-id=\"27ff739\" data-element_type=\"container\" data-e-type=\"container\">\n\t\t\t\t<div class=\"elementor-element elementor-element-6a43300 elementor-widget elementor-widget-heading\" data-id=\"6a43300\" data-element_type=\"widget\" data-e-type=\"widget\" data-widget_type=\"heading.default\">\n\t\t\t\t\t<h2 class=\"elementor-heading-title elementor-size-default\">Plus de 120 fa\u00e7ons de financer vos activit\u00e9s de trading.<\/h2>\t\t\t\t<\/div>\n\t\t\t\t<div class=\"elementor-element elementor-element-09c53ac elementor-widget elementor-widget-text-editor\" data-id=\"09c53ac\" data-element_type=\"widget\" data-e-type=\"widget\" data-widget_type=\"text-editor.default\">\n\t\t\t\t\t\t\t\t\t<p>Choisissez parmi plus de 120 options de paiement internationales\u00a0: locales, internationales, cryptomonnaies et bien plus encore. D\u00e9p\u00f4ts instantan\u00e9s, retraits simplifi\u00e9s.<\/p>\t\t\t\t\t\t\t\t<\/div>\n\t\t\t\t<\/div>\n\t\t\t\t<\/div>\n\t\t<div class=\"elementor-element elementor-element-7001f42 e-con-full e-flex e-con e-child\" data-id=\"7001f42\" data-element_type=\"container\" data-e-type=\"container\" data-settings=\"{&quot;background_background&quot;:&quot;classic&quot;}\">\n\t\t\t\t<div class=\"elementor-element elementor-element-2b11d8a elementor-widget elementor-widget-image\" data-id=\"2b11d8a\" data-element_type=\"widget\" data-e-type=\"widget\" data-widget_type=\"image.default\">\n\t\t\t\t\t\t\t\t\t\t\t\t\t\t\t<img loading=\"lazy\" decoding=\"async\" width=\"292\" height=\"148\" src=\"https:\/\/quantumtrust-ai.com\/wp-content\/uploads\/2025\/08\/partner_3-1_11zon.webp\" class=\"attachment-large size-large wp-image-231\" alt=\"flag\" \/>\t\t\t\t\t\t\t\t\t\t\t\t\t\t\t<\/div>\n\t\t<div class=\"elementor-element elementor-element-5262b01 e-con-full e-flex e-con e-child\" data-id=\"5262b01\" data-element_type=\"container\" data-e-type=\"container\">\n\t\t\t\t<div class=\"elementor-element elementor-element-ee35df2 elementor-widget elementor-widget-heading\" data-id=\"ee35df2\" data-element_type=\"widget\" data-e-type=\"widget\" data-widget_type=\"heading.default\">\n\t\t\t\t\t<h1 class=\"elementor-heading-title elementor-size-default\">Plus de 84 instruments. Des possibilit\u00e9s infinies.<\/h1>\t\t\t\t<\/div>\n\t\t\t\t<div class=\"elementor-element elementor-element-46d8fbf elementor-widget elementor-widget-text-editor\" data-id=\"46d8fbf\" data-element_type=\"widget\" data-e-type=\"widget\" data-widget_type=\"text-editor.default\">\n\t\t\t\t\t\t\t\t\t<p>Du Forex aux mati\u00e8res premi\u00e8res, des indices aux CFD, diversifiez votre strat\u00e9gie sur plus de 84 classes d'actifs mondiales, le tout sur une seule et puissante plateforme.<\/p>\t\t\t\t\t\t\t\t<\/div>\n\t\t\t\t<\/div>\n\t\t\t\t<\/div>\n\t\t<div class=\"elementor-element elementor-element-2ca7c10 e-con-full e-flex e-con e-child\" data-id=\"2ca7c10\" data-element_type=\"container\" data-e-type=\"container\" data-settings=\"{&quot;background_background&quot;:&quot;classic&quot;}\">\n\t\t\t\t<div class=\"elementor-element elementor-element-0c4dbec elementor-widget elementor-widget-image\" data-id=\"0c4dbec\" data-element_type=\"widget\" data-e-type=\"widget\" data-widget_type=\"image.default\">\n\t\t\t\t\t\t\t\t\t\t\t\t\t\t\t<img loading=\"lazy\" decoding=\"async\" width=\"289\" height=\"147\" src=\"https:\/\/quantumtrust-ai.com\/wp-content\/uploads\/2025\/08\/partner_4.webp\" class=\"attachment-large size-large wp-image-79\" alt=\"\" \/>\t\t\t\t\t\t\t\t\t\t\t\t\t\t\t<\/div>\n\t\t<div class=\"elementor-element elementor-element-1774b46 e-con-full e-flex e-con e-child\" data-id=\"1774b46\" data-element_type=\"container\" data-e-type=\"container\">\n\t\t\t\t<div class=\"elementor-element elementor-element-ec5135e elementor-widget elementor-widget-heading\" data-id=\"ec5135e\" data-element_type=\"widget\" data-e-type=\"widget\" data-widget_type=\"heading.default\">\n\t\t\t\t\t<h1 class=\"elementor-heading-title elementor-size-default\">Un v\u00e9ritable soutien pour de vraies personnes, 24h\/24 et 7j\/7.<\/h1>\t\t\t\t<\/div>\n\t\t\t\t<div class=\"elementor-element elementor-element-35a5f99 elementor-widget elementor-widget-text-editor\" data-id=\"35a5f99\" data-element_type=\"widget\" data-e-type=\"widget\" data-widget_type=\"text-editor.default\">\n\t\t\t\t\t\t\t\t\t<p>Parce que les robots ne comprennent pas. Nous, si. Parlez \u00e0 de vrais experts, o\u00f9 que vous soyez, quand vous le souhaitez. Notre \u00e9quipe d'assistance internationale est l\u00e0 pour vous\u00a0: toujours humaine, jamais automatis\u00e9e.<\/p>\t\t\t\t\t\t\t\t<\/div>\n\t\t\t\t<\/div>\n\t\t\t\t<\/div>\n\t\t\t\t<\/div>\n\t\t\t\t\t<\/div>\n\t\t\t\t<\/div>\n\t\t\t\t<\/div>","protected":false},"excerpt":{"rendered":"<p>About Us Quantum Trust Ai! is where innovation and precision converge in the realm of algorithmic trading. Our state-of-the-art platform is built to equip traders with advanced technology, smart insights, and flawless execution. At Quantum Trust Ai!, we are committed to offering the essential tools for success in the dynamic world of digital asset trading. [&hellip;]<\/p>\n","protected":false},"author":1,"featured_media":0,"parent":0,"menu_order":0,"comment_status":"closed","ping_status":"closed","template":"elementor_header_footer","meta":{"footnotes":""},"class_list":["post-13","page","type-page","status-publish","hentry"],"_links":{"self":[{"href":"https:\/\/quantumtrust-ai.com\/fr\/wp-json\/wp\/v2\/pages\/13","targetHints":{"allow":["GET"]}}],"collection":[{"href":"https:\/\/quantumtrust-ai.com\/fr\/wp-json\/wp\/v2\/pages"}],"about":[{"href":"https:\/\/quantumtrust-ai.com\/fr\/wp-json\/wp\/v2\/types\/page"}],"author":[{"embeddable":true,"href":"https:\/\/quantumtrust-ai.com\/fr\/wp-json\/wp\/v2\/users\/1"}],"replies":[{"embeddable":true,"href":"https:\/\/quantumtrust-ai.com\/fr\/wp-json\/wp\/v2\/comments?post=13"}],"version-history":[{"count":0,"href":"https:\/\/quantumtrust-ai.com\/fr\/wp-json\/wp\/v2\/pages\/13\/revisions"}],"wp:attachment":[{"href":"https:\/\/quantumtrust-ai.com\/fr\/wp-json\/wp\/v2\/media?parent=13"}],"curies":[{"name":"wp","href":"https:\/\/api.w.org\/{rel}","templated":true}]}}