{"id":19,"date":"2025-08-08T10:15:16","date_gmt":"2025-08-08T10:15:16","guid":{"rendered":"https:\/\/quantumtrust-ai.com\/?page_id=19"},"modified":"2025-10-24T12:26:02","modified_gmt":"2025-10-24T12:26:02","slug":"politique-de-confidentialite","status":"publish","type":"page","link":"https:\/\/quantumtrust-ai.com\/fr\/privacy-policy\/","title":{"rendered":"politique de confidentialit\u00e9"},"content":{"rendered":"<div data-elementor-type=\"wp-page\" data-elementor-id=\"19\" class=\"elementor elementor-19\" data-elementor-post-type=\"page\">\n\t\t\t\t<div class=\"elementor-element elementor-element-1701aaa responsive-section e-flex e-con-boxed e-con e-parent\" data-id=\"1701aaa\" data-element_type=\"container\" data-e-type=\"container\" data-settings=\"{&quot;background_background&quot;:&quot;classic&quot;}\">\n\t\t\t\t\t<div class=\"e-con-inner\">\n\t\t\t\t<div class=\"elementor-element elementor-element-0344071 elementor-widget elementor-widget-spacer\" data-id=\"0344071\" data-element_type=\"widget\" data-e-type=\"widget\" data-widget_type=\"spacer.default\">\n\t\t\t\t\t\t\t<div class=\"elementor-spacer\">\n\t\t\t<div class=\"elementor-spacer-inner\"><\/div>\n\t\t<\/div>\n\t\t\t\t\t\t<\/div>\n\t\t<div class=\"elementor-element elementor-element-74d35cc e-con-full e-flex e-con e-child\" data-id=\"74d35cc\" data-element_type=\"container\" data-e-type=\"container\">\n\t\t\t\t<div class=\"elementor-element elementor-element-3ae4889 elementor-widget elementor-widget-heading\" data-id=\"3ae4889\" data-element_type=\"widget\" data-e-type=\"widget\" data-widget_type=\"heading.default\">\n\t\t\t\t\t<h1 class=\"elementor-heading-title elementor-size-default\">politique de confidentialit\u00e9<\/h1>\t\t\t\t<\/div>\n\t\t\t\t<\/div>\n\t\t\t\t<div class=\"elementor-element elementor-element-548c623 elementor-widget elementor-widget-spacer\" data-id=\"548c623\" data-element_type=\"widget\" data-e-type=\"widget\" data-widget_type=\"spacer.default\">\n\t\t\t\t\t\t\t<div class=\"elementor-spacer\">\n\t\t\t<div class=\"elementor-spacer-inner\"><\/div>\n\t\t<\/div>\n\t\t\t\t\t\t<\/div>\n\t\t\t\t<div class=\"elementor-element elementor-element-a6474b9 elementor-widget elementor-widget-heading\" data-id=\"a6474b9\" data-element_type=\"widget\" data-e-type=\"widget\" data-widget_type=\"heading.default\">\n\t\t\t\t\t<h2 class=\"elementor-heading-title elementor-size-default\">Une br\u00e8ve introduction<\/h2>\t\t\t\t<\/div>\n\t\t\t\t<div class=\"elementor-element elementor-element-afcc84b elementor-widget elementor-widget-text-editor\" data-id=\"afcc84b\" data-element_type=\"widget\" data-e-type=\"widget\" data-widget_type=\"text-editor.default\">\n\t\t\t\t\t\t\t\t\t<p>Acc\u00e9dez \u00e0 notre site web via\u00a0: <a href=\"https:\/\/quantumtrust-ai.com\/fr\/\">https:\/\/quantumtrust-ai.com\/<\/a><\/p>\t\t\t\t\t\t\t\t<\/div>\n\t\t\t\t<div class=\"elementor-element elementor-element-0e0ee80 elementor-widget elementor-widget-heading\" data-id=\"0e0ee80\" data-element_type=\"widget\" data-e-type=\"widget\" data-widget_type=\"heading.default\">\n\t\t\t\t\t<h2 class=\"elementor-heading-title elementor-size-default\">Commentaires<\/h2>\t\t\t\t<\/div>\n\t\t\t\t<div class=\"elementor-element elementor-element-35d8432 elementor-widget elementor-widget-text-editor\" data-id=\"35d8432\" data-element_type=\"widget\" data-e-type=\"widget\" data-widget_type=\"text-editor.default\">\n\t\t\t\t\t\t\t\t\t<p>Si un utilisateur publie un commentaire sur notre site web, nous collecterons les informations affich\u00e9es dans la section des commentaires, ainsi que l\u2019adresse IP de l\u2019utilisateur et les d\u00e9tails d\u2019identification de son navigateur afin de pr\u00e9venir toute fraude.<\/p><p>Le service Avatar peut demander une s\u00e9quence chiffr\u00e9e (commun\u00e9ment appel\u00e9e hachage) g\u00e9n\u00e9r\u00e9e \u00e0 partir de votre adresse e-mail afin de valider son utilisation. Vous pouvez consulter les conditions g\u00e9n\u00e9rales du service Avatar \u00e0 l'adresse suivante\u00a0: <a href=\"https:\/\/quantumtrust-ai.com\/fr\/\">https:\/\/quantumtrust-ai.com\/<\/a><\/p><p>\u00a0Votre photo de profil appara\u00eetra aux visiteurs du site web dans la zone de commentaires apr\u00e8s avoir \u00e9t\u00e9 autoris\u00e9e.<\/p>\t\t\t\t\t\t\t\t<\/div>\n\t\t\t\t<div class=\"elementor-element elementor-element-11d5525 elementor-widget elementor-widget-heading\" data-id=\"11d5525\" data-element_type=\"widget\" data-e-type=\"widget\" data-widget_type=\"heading.default\">\n\t\t\t\t\t<h2 class=\"elementor-heading-title elementor-size-default\">M\u00e9dias<\/h2>\t\t\t\t<\/div>\n\t\t\t\t<div class=\"elementor-element elementor-element-93896d6 elementor-widget elementor-widget-text-editor\" data-id=\"93896d6\" data-element_type=\"widget\" data-e-type=\"widget\" data-widget_type=\"text-editor.default\">\n\t\t\t\t\t\t\t\t\t<p>Si vous soumettez des photos \u00e0 <strong>Quantum Trust Ai<\/strong>\u00a0Si vous utilisez une plateforme de trading, il est pr\u00e9f\u00e9rable d'\u00e9viter de t\u00e9l\u00e9charger des images contenant des informations de g\u00e9olocalisation (EXIF GPS). En effet, les visiteurs du site peuvent t\u00e9l\u00e9charger et utiliser ces donn\u00e9es g\u00e9ographiques.<\/p>\t\t\t\t\t\t\t\t<\/div>\n\t\t\t\t<div class=\"elementor-element elementor-element-b95f72a elementor-widget elementor-widget-heading\" data-id=\"b95f72a\" data-element_type=\"widget\" data-e-type=\"widget\" data-widget_type=\"heading.default\">\n\t\t\t\t\t<h2 class=\"elementor-heading-title elementor-size-default\">Cookies<\/h2>\t\t\t\t<\/div>\n\t\t\t\t<div class=\"elementor-element elementor-element-4ed9226 elementor-widget elementor-widget-text-editor\" data-id=\"4ed9226\" data-element_type=\"widget\" data-e-type=\"widget\" data-widget_type=\"text-editor.default\">\n\t\t\t\t\t\t\t\t\t<p>Si vous laissez un commentaire sur notre plateforme, vous pouvez enregistrer votre nom, votre adresse e-mail et votre site web dans des cookies. Cela vous \u00e9vite de saisir ces informations \u00e0 chaque fois. Les cookies enregistr\u00e9s seront conserv\u00e9s pendant 12 mois.<br \/><br \/>Apr\u00e8s avoir acc\u00e9d\u00e9 \u00e0 notre page de connexion, un cookie temporaire sera cr\u00e9\u00e9 afin de v\u00e9rifier la compatibilit\u00e9 de votre navigateur avec les cookies. Ce cookie ne contiendra aucune information et sera supprim\u00e9 d\u00e8s que vous quitterez le site web.<br \/><br \/>Lors de votre connexion, nous installerons plusieurs cookies afin de m\u00e9moriser vos pr\u00e9f\u00e9rences d'affichage et vos informations de connexion. Les cookies relatifs aux pr\u00e9f\u00e9rences visuelles sont valides pendant un an, tandis que les cookies de connexion ne le sont que pendant deux jours. En cochant \u00ab\u00a0Rester connect\u00e9\u00a0\u00bb, vous resterez connect\u00e9 pendant les deux prochaines semaines. Si vous vous d\u00e9connectez, les cookies de connexion seront supprim\u00e9s \u00e0 la fermeture de votre navigateur.<br \/><br \/>Si vous modifiez ou publiez un message, votre navigateur enregistrera un cookie suppl\u00e9mentaire. Ce cookie contient uniquement l'identifiant du message que vous avez r\u00e9cemment modifi\u00e9\u00a0; il ne contient aucune donn\u00e9e personnelle et expire au bout de 24\u00a0heures.<\/p>\t\t\t\t\t\t\t\t<\/div>\n\t\t\t\t<div class=\"elementor-element elementor-element-1fcaa5d elementor-widget elementor-widget-heading\" data-id=\"1fcaa5d\" data-element_type=\"widget\" data-e-type=\"widget\" data-widget_type=\"heading.default\">\n\t\t\t\t\t<h2 class=\"elementor-heading-title elementor-size-default\">Contenu provenant de sites externes\n<\/h2>\t\t\t\t<\/div>\n\t\t\t\t<div class=\"elementor-element elementor-element-999d799 elementor-widget elementor-widget-text-editor\" data-id=\"999d799\" data-element_type=\"widget\" data-e-type=\"widget\" data-widget_type=\"text-editor.default\">\n\t\t\t\t\t\t\t\t\t<p>Le contenu pr\u00e9sent\u00e9 sur ce site web peut inclure des \u00e9l\u00e9ments interconnect\u00e9s (images, textes, vid\u00e9os, etc.). Le contenu int\u00e9gr\u00e9 provenant de plusieurs sites web fonctionne de la m\u00eame mani\u00e8re que si l'utilisateur avait visit\u00e9 un autre site.<\/p><p>Ces sites web peuvent collecter des donn\u00e9es vous concernant, utiliser des cookies, ajouter des outils de suivi tiers et analyser votre interaction avec le contenu int\u00e9gr\u00e9. Si vous poss\u00e9dez un compte et que vous vous connectez r\u00e9guli\u00e8rement, <strong>Quantum Trust Ai<\/strong>\u00a0\u00ab Sur le site web de la plateforme de trading, ils peuvent \u00e9galement surveiller la fa\u00e7on dont vous interagissez avec le contenu. \u00bb<\/p>\t\t\t\t\t\t\t\t<\/div>\n\t\t\t\t<div class=\"elementor-element elementor-element-0edefb1 elementor-widget elementor-widget-heading\" data-id=\"0edefb1\" data-element_type=\"widget\" data-e-type=\"widget\" data-widget_type=\"heading.default\">\n\t\t\t\t\t<h2 class=\"elementor-heading-title elementor-size-default\">Partageons-nous nos donn\u00e9es avec qui que ce soit ?<\/h2>\t\t\t\t<\/div>\n\t\t\t\t<div class=\"elementor-element elementor-element-8677ac2 elementor-widget elementor-widget-text-editor\" data-id=\"8677ac2\" data-element_type=\"widget\" data-e-type=\"widget\" data-widget_type=\"text-editor.default\">\n\t\t\t\t\t\t\t\t\t<p>En cas de modification du mot de passe, l'adresse IP sera incluse dans l'e-mail.<\/p>\t\t\t\t\t\t\t\t<\/div>\n\t\t\t\t<div class=\"elementor-element elementor-element-8af4f60 elementor-widget elementor-widget-heading\" data-id=\"8af4f60\" data-element_type=\"widget\" data-e-type=\"widget\" data-widget_type=\"heading.default\">\n\t\t\t\t\t<h2 class=\"elementor-heading-title elementor-size-default\">Quelle est la dur\u00e9e de conservation des donn\u00e9es\u00a0?<\/h2>\t\t\t\t<\/div>\n\t\t\t\t<div class=\"elementor-element elementor-element-d75b93b elementor-widget elementor-widget-text-editor\" data-id=\"d75b93b\" data-element_type=\"widget\" data-e-type=\"widget\" data-widget_type=\"text-editor.default\">\n\t\t\t\t\t\t\t\t\t<p>Une fois votre avis publi\u00e9, celui-ci et ses m\u00e9tadonn\u00e9es sont conserv\u00e9s ind\u00e9finiment. Ainsi, nous pouvons garantir que tout commentaire ult\u00e9rieur sera automatiquement reconnu et v\u00e9rifi\u00e9, sans avoir \u00e0 le soumettre \u00e0 un processus de v\u00e9rification.\u00a0<\/p><p>Lorsqu'une personne s'inscrit sur notre site web, nous prot\u00e9geons \u00e9galement les donn\u00e9es priv\u00e9es qu'elle saisit dans son compte utilisateur. Chaque inscrit peut consulter, modifier ou supprimer ses informations personnelles \u00e0 tout moment (\u00e0 l'exception de son nom d'utilisateur). Ces donn\u00e9es sont \u00e9galement consultables et modifiables par <strong>Quantum Trust Ai<\/strong>\u00a0les administrateurs de la plateforme de trading.<\/p>\t\t\t\t\t\t\t\t<\/div>\n\t\t\t\t<div class=\"elementor-element elementor-element-b919c7c elementor-widget elementor-widget-heading\" data-id=\"b919c7c\" data-element_type=\"widget\" data-e-type=\"widget\" data-widget_type=\"heading.default\">\n\t\t\t\t\t<h2 class=\"elementor-heading-title elementor-size-default\">Ai-je des droits sur mes donn\u00e9es ?<\/h2>\t\t\t\t<\/div>\n\t\t\t\t<div class=\"elementor-element elementor-element-2a5a048 elementor-widget elementor-widget-text-editor\" data-id=\"2a5a048\" data-element_type=\"widget\" data-e-type=\"widget\" data-widget_type=\"text-editor.default\">\n\t\t\t\t\t\t\t\t\t<p>Si vous \u00eates titulaire d'un compte de <strong>Quantum Trust Ai<\/strong>\u00a0Si vous utilisez notre plateforme de trading ou si vous avez laiss\u00e9 des commentaires par le pass\u00e9, vous avez le droit d'obtenir une copie des informations personnelles que nous d\u00e9tenons vous concernant. Cela inclut toutes les informations que vous nous avez explicitement fournies. Vous pouvez \u00e9galement demander la suppression de toute information sensible vous concernant. Toutefois, cette suppression ne concerne pas les informations que nous sommes tenus de conserver pour des raisons de gestion, l\u00e9gales ou de s\u00e9curit\u00e9.<\/p>\t\t\t\t\t\t\t\t<\/div>\n\t\t\t\t<div class=\"elementor-element elementor-element-5fc41b9 elementor-widget elementor-widget-heading\" data-id=\"5fc41b9\" data-element_type=\"widget\" data-e-type=\"widget\" data-widget_type=\"heading.default\">\n\t\t\t\t\t<h2 class=\"elementor-heading-title elementor-size-default\">Les donn\u00e9es sont-elles envoy\u00e9es quelque part\u00a0?<\/h2>\t\t\t\t<\/div>\n\t\t\t\t<div class=\"elementor-element elementor-element-562c624 elementor-widget elementor-widget-text-editor\" data-id=\"562c624\" data-element_type=\"widget\" data-e-type=\"widget\" data-widget_type=\"text-editor.default\">\n\t\t\t\t\t\t\t\t\t<p>Les commentaires des visiteurs seront soumis \u00e0 un processus de v\u00e9rification par le biais du syst\u00e8me d'identification des spams.<\/p>\t\t\t\t\t\t\t\t<\/div>\n\t\t\t\t<div class=\"elementor-element elementor-element-3768a87 elementor-widget elementor-widget-heading\" data-id=\"3768a87\" data-element_type=\"widget\" data-e-type=\"widget\" data-widget_type=\"heading.default\">\n\t\t\t\t\t<h2 class=\"elementor-heading-title elementor-size-default\">Contactez-nous<\/h2>\t\t\t\t<\/div>\n\t\t\t\t<div class=\"elementor-element elementor-element-720ed82 elementor-widget elementor-widget-text-editor\" data-id=\"720ed82\" data-element_type=\"widget\" data-e-type=\"widget\" data-widget_type=\"text-editor.default\">\n\t\t\t\t\t\t\t\t\t<p>Si vous avez des questions concernant cette politique de confidentialit\u00e9, vous pouvez nous contacter\u00a0:<\/p><p><a href=\"mailto:support@quantumtrust-ai.com\">support@quantumtrust-ai.com<\/a><\/p>\t\t\t\t\t\t\t\t<\/div>\n\t\t\t\t<div class=\"elementor-element elementor-element-c230030 elementor-widget elementor-widget-spacer\" data-id=\"c230030\" data-element_type=\"widget\" data-e-type=\"widget\" data-widget_type=\"spacer.default\">\n\t\t\t\t\t\t\t<div class=\"elementor-spacer\">\n\t\t\t<div class=\"elementor-spacer-inner\"><\/div>\n\t\t<\/div>\n\t\t\t\t\t\t<\/div>\n\t\t\t\t\t<\/div>\n\t\t\t\t<\/div>\n\t\t\t\t<\/div>","protected":false},"excerpt":{"rendered":"<p>Privacy Policy A Brief Intro Access our website through the: https:\/\/quantumtrust-ai.com\/ Comments If a user posts any comment on our website, we will collect the information that is shown in the comment section along with the user&#8217;s IP address and browser identification details to prevent any scams. The Avatar service may request an encoded sequence [&hellip;]<\/p>\n","protected":false},"author":1,"featured_media":0,"parent":0,"menu_order":0,"comment_status":"closed","ping_status":"closed","template":"elementor_header_footer","meta":{"footnotes":""},"class_list":["post-19","page","type-page","status-publish","hentry"],"_links":{"self":[{"href":"https:\/\/quantumtrust-ai.com\/fr\/wp-json\/wp\/v2\/pages\/19","targetHints":{"allow":["GET"]}}],"collection":[{"href":"https:\/\/quantumtrust-ai.com\/fr\/wp-json\/wp\/v2\/pages"}],"about":[{"href":"https:\/\/quantumtrust-ai.com\/fr\/wp-json\/wp\/v2\/types\/page"}],"author":[{"embeddable":true,"href":"https:\/\/quantumtrust-ai.com\/fr\/wp-json\/wp\/v2\/users\/1"}],"replies":[{"embeddable":true,"href":"https:\/\/quantumtrust-ai.com\/fr\/wp-json\/wp\/v2\/comments?post=19"}],"version-history":[{"count":0,"href":"https:\/\/quantumtrust-ai.com\/fr\/wp-json\/wp\/v2\/pages\/19\/revisions"}],"wp:attachment":[{"href":"https:\/\/quantumtrust-ai.com\/fr\/wp-json\/wp\/v2\/media?parent=19"}],"curies":[{"name":"wp","href":"https:\/\/api.w.org\/{rel}","templated":true}]}}