{"id":649,"date":"2025-12-26T09:23:33","date_gmt":"2025-12-26T09:23:33","guid":{"rendered":"https:\/\/quantumtrust-ai.com\/?page_id=649"},"modified":"2025-12-26T10:20:23","modified_gmt":"2025-12-26T10:20:23","slug":"clause-de-non-responsabilite","status":"publish","type":"page","link":"https:\/\/quantumtrust-ai.com\/fr\/disclaimer\/","title":{"rendered":"Clause de non-responsabilit\u00e9"},"content":{"rendered":"<div data-elementor-type=\"wp-page\" data-elementor-id=\"649\" class=\"elementor elementor-649\" data-elementor-post-type=\"page\">\n\t\t\t\t<div class=\"elementor-element elementor-element-e118328 responsive-section e-flex e-con-boxed e-con e-parent\" data-id=\"e118328\" data-element_type=\"container\" data-e-type=\"container\" data-settings=\"{&quot;background_background&quot;:&quot;classic&quot;}\">\n\t\t\t\t\t<div class=\"e-con-inner\">\n\t\t\t\t<div class=\"elementor-element elementor-element-e1f3053 elementor-widget elementor-widget-spacer\" data-id=\"e1f3053\" data-element_type=\"widget\" data-e-type=\"widget\" data-widget_type=\"spacer.default\">\n\t\t\t\t\t\t\t<div class=\"elementor-spacer\">\n\t\t\t<div class=\"elementor-spacer-inner\"><\/div>\n\t\t<\/div>\n\t\t\t\t\t\t<\/div>\n\t\t<div class=\"elementor-element elementor-element-e0e7d1c e-con-full e-flex e-con e-child\" data-id=\"e0e7d1c\" data-element_type=\"container\" data-e-type=\"container\">\n\t\t\t\t<div class=\"elementor-element elementor-element-509fb6a elementor-widget elementor-widget-heading\" data-id=\"509fb6a\" data-element_type=\"widget\" data-e-type=\"widget\" data-widget_type=\"heading.default\">\n\t\t\t\t\t<h1 class=\"elementor-heading-title elementor-size-default\">Clause de non-responsabilit\u00e9<\/h1>\t\t\t\t<\/div>\n\t\t\t\t<\/div>\n\t\t\t\t<div class=\"elementor-element elementor-element-7578df8 elementor-widget elementor-widget-spacer\" data-id=\"7578df8\" data-element_type=\"widget\" data-e-type=\"widget\" data-widget_type=\"spacer.default\">\n\t\t\t\t\t\t\t<div class=\"elementor-spacer\">\n\t\t\t<div class=\"elementor-spacer-inner\"><\/div>\n\t\t<\/div>\n\t\t\t\t\t\t<\/div>\n\t\t\t\t<div class=\"elementor-element elementor-element-b8b0d03 elementor-widget elementor-widget-text-editor\" data-id=\"b8b0d03\" data-element_type=\"widget\" data-e-type=\"widget\" data-widget_type=\"text-editor.default\">\n\t\t\t\t\t\t\t\t\t<p class=\"translation-block\">Les informations fournies par <strong>Quantum Trust<\/strong>, ses affili\u00e9s, contributeurs, auteurs ou partenaires (collectivement, \u00ab nous \u00bb, \u00ab notre \u00bb ou \u00ab nos \u00bb) sur ce site Web sont uniquement destin\u00e9es \u00e0 des fins d\u2019information g\u00e9n\u00e9rale et \u00e9ducatives.<\/p>\t\t\t\t\t\t\t\t<\/div>\n\t\t\t\t<div class=\"elementor-element elementor-element-1228b4f elementor-widget elementor-widget-heading\" data-id=\"1228b4f\" data-element_type=\"widget\" data-e-type=\"widget\" data-widget_type=\"heading.default\">\n\t\t\t\t\t<h2 class=\"elementor-heading-title elementor-size-default\">Aucun conseil financier<\/h2>\t\t\t\t<\/div>\n\t\t\t\t<div class=\"elementor-element elementor-element-20a94b1 elementor-widget elementor-widget-text-editor\" data-id=\"20a94b1\" data-element_type=\"widget\" data-e-type=\"widget\" data-widget_type=\"text-editor.default\">\n\t\t\t\t\t\t\t\t\t<p>Le contenu de ce site web \u2014 notamment les articles, vid\u00e9os, analyses, donn\u00e9es de march\u00e9, graphiques, signaux, outils et ressources p\u00e9dagogiques \u2014 ne constitue en aucun cas un conseil financier, d'investissement, juridique, fiscal ou autre conseil professionnel. Rien sur ce site ne constitue une recommandation, une sollicitation, une offre ou une incitation \u00e0 acheter, vendre, d\u00e9tenir ou \u00e9changer un instrument financier, un titre, une mati\u00e8re premi\u00e8re, une devise, un actif num\u00e9rique ou un produit d'investissement.<\/p>\t\t\t\t\t\t\t\t<\/div>\n\t\t\t\t<div class=\"elementor-element elementor-element-06d85c6 elementor-widget elementor-widget-heading\" data-id=\"06d85c6\" data-element_type=\"widget\" data-e-type=\"widget\" data-widget_type=\"heading.default\">\n\t\t\t\t\t<h2 class=\"elementor-heading-title elementor-size-default\">Reconnaissance des risques<\/h2>\t\t\t\t<\/div>\n\t\t\t\t<div class=\"elementor-element elementor-element-57bb1ee elementor-widget elementor-widget-text-editor\" data-id=\"57bb1ee\" data-element_type=\"widget\" data-e-type=\"widget\" data-widget_type=\"text-editor.default\">\n\t\t\t\t\t\t\t\t\t<p>Le trading sur les march\u00e9s financiers \u2014 y compris le Forex, les CFD, les cryptomonnaies, les actions, les indices et autres produits d\u00e9riv\u00e9s \u2014 comporte des risques importants et ne convient pas \u00e0 tous les investisseurs. Les performances pass\u00e9es ne pr\u00e9jugent pas des r\u00e9sultats futurs. Vous devez examiner attentivement votre situation financi\u00e8re et votre tol\u00e9rance au risque avant de vous engager dans toute activit\u00e9 de trading ou d'investissement.<\/p>\t\t\t\t\t\t\t\t<\/div>\n\t\t\t\t<div class=\"elementor-element elementor-element-7463e24 elementor-widget elementor-widget-heading\" data-id=\"7463e24\" data-element_type=\"widget\" data-e-type=\"widget\" data-widget_type=\"heading.default\">\n\t\t\t\t\t<h2 class=\"elementor-heading-title elementor-size-default\">Exon\u00e9ration de responsabilit\u00e9<\/h2>\t\t\t\t<\/div>\n\t\t\t\t<div class=\"elementor-element elementor-element-d5ed55e elementor-widget elementor-widget-text-editor\" data-id=\"d5ed55e\" data-element_type=\"widget\" data-e-type=\"widget\" data-widget_type=\"text-editor.default\">\n\t\t\t\t\t\t\t\t\t<p>Nous ne donnons aucune garantie quant \u00e0 l'exactitude, la fiabilit\u00e9, l'actualit\u00e9, l'exhaustivit\u00e9 ou la pertinence des informations contenues sur ce site web. En utilisant ce site, vous acceptez express\u00e9ment ce qui suit\u00a0:<\/p><ul><li class=\"translation-block\">Quantum Trust, ses propri\u00e9taires, employ\u00e9s, entrepreneurs, dirigeants et partenaires ne sont pas responsables des pertes, dommages, co\u00fbts ou d\u00e9penses d\u00e9coulant directement ou indirectement de votre utilisation de ce site ou de votre confiance en son contenu\u00a0;<\/li><li>Vous assumez l'enti\u00e8re responsabilit\u00e9 de vos d\u00e9cisions, transactions, strat\u00e9gies et r\u00e9sultats.<\/li><\/ul>\t\t\t\t\t\t\t\t<\/div>\n\t\t\t\t<div class=\"elementor-element elementor-element-b1dc282 elementor-widget elementor-widget-heading\" data-id=\"b1dc282\" data-element_type=\"widget\" data-e-type=\"widget\" data-widget_type=\"heading.default\">\n\t\t\t\t\t<h2 class=\"elementor-heading-title elementor-size-default\">V\u00e9rification ind\u00e9pendante<\/h2>\t\t\t\t<\/div>\n\t\t\t\t<div class=\"elementor-element elementor-element-f9dc833 elementor-widget elementor-widget-text-editor\" data-id=\"f9dc833\" data-element_type=\"widget\" data-e-type=\"widget\" data-widget_type=\"text-editor.default\">\n\t\t\t\t\t\t\t\t\t<p>Il est conseill\u00e9 de v\u00e9rifier ind\u00e9pendamment toutes les informations avant d'agir. Cela inclut, le cas \u00e9ch\u00e9ant, de consulter un professionnel agr\u00e9\u00e9 en finance, en fiscalit\u00e9 ou en droit.<\/p>\t\t\t\t\t\t\t\t<\/div>\n\t\t\t\t<div class=\"elementor-element elementor-element-9b4d95a elementor-widget elementor-widget-heading\" data-id=\"9b4d95a\" data-element_type=\"widget\" data-e-type=\"widget\" data-widget_type=\"heading.default\">\n\t\t\t\t\t<h2 class=\"elementor-heading-title elementor-size-default\">Aucune garantie<\/h2>\t\t\t\t<\/div>\n\t\t\t\t<div class=\"elementor-element elementor-element-8156bfc elementor-widget elementor-widget-text-editor\" data-id=\"8156bfc\" data-element_type=\"widget\" data-e-type=\"widget\" data-widget_type=\"text-editor.default\">\n\t\t\t\t\t\t\t\t\t<p>Nous ne garantissons ni les profits, ni l'exactitude des donn\u00e9es, ni l'exhaustivit\u00e9 du contenu, ni l'acc\u00e8s ininterrompu au site. Des probl\u00e8mes techniques, des erreurs, des omissions et des informations obsol\u00e8tes peuvent survenir.<\/p>\t\t\t\t\t\t\t\t<\/div>\n\t\t\t\t<div class=\"elementor-element elementor-element-81c6a13 elementor-widget elementor-widget-heading\" data-id=\"81c6a13\" data-element_type=\"widget\" data-e-type=\"widget\" data-widget_type=\"heading.default\">\n\t\t\t\t\t<h2 class=\"elementor-heading-title elementor-size-default\">Liens externes<\/h2>\t\t\t\t<\/div>\n\t\t\t\t<div class=\"elementor-element elementor-element-7166f2e elementor-widget elementor-widget-text-editor\" data-id=\"7166f2e\" data-element_type=\"widget\" data-e-type=\"widget\" data-widget_type=\"text-editor.default\">\n\t\t\t\t\t\t\t\t\t<p><strong>Quantum Trust<\/strong> Ce site peut contenir des liens vers des sites web, outils ou services tiers (\u00ab\u00a0Sites externes\u00a0\u00bb). Ces liens sont fournis \u00e0 titre indicatif uniquement. Nous n\u2019approuvons ni ne sommes responsables du contenu, de l\u2019exactitude ou des pratiques des Sites externes.<\/p>\t\t\t\t\t\t\t\t<\/div>\n\t\t\t\t<div class=\"elementor-element elementor-element-11a0b9c elementor-widget elementor-widget-heading\" data-id=\"11a0b9c\" data-element_type=\"widget\" data-e-type=\"widget\" data-widget_type=\"heading.default\">\n\t\t\t\t\t<h2 class=\"elementor-heading-title elementor-size-default\">Votre responsabilit\u00e9<\/h2>\t\t\t\t<\/div>\n\t\t\t\t<div class=\"elementor-element elementor-element-984a83f elementor-widget elementor-widget-text-editor\" data-id=\"984a83f\" data-element_type=\"widget\" data-e-type=\"widget\" data-widget_type=\"text-editor.default\">\n\t\t\t\t\t\t\t\t\t<p>En acc\u00e9dant \u00e0 ce site web ou en l'utilisant, vous acceptez que toutes les d\u00e9cisions d'investissement soient prises \u00e0 vos propres risques. Vous d\u00e9gagez express\u00e9ment quantumtrust-ai.com de toute responsabilit\u00e9 pour tout dommage ou perte, direct ou indirect, que vous pourriez subir.<\/p><p>Si vous n'acceptez pas l'une quelconque des clauses de cette clause de non-responsabilit\u00e9, vous devez cesser imm\u00e9diatement d'utiliser ce site Web.<\/p>\t\t\t\t\t\t\t\t<\/div>\n\t\t\t\t<div class=\"elementor-element elementor-element-e5d1a97 elementor-widget elementor-widget-spacer\" data-id=\"e5d1a97\" data-element_type=\"widget\" data-e-type=\"widget\" data-widget_type=\"spacer.default\">\n\t\t\t\t\t\t\t<div class=\"elementor-spacer\">\n\t\t\t<div class=\"elementor-spacer-inner\"><\/div>\n\t\t<\/div>\n\t\t\t\t\t\t<\/div>\n\t\t\t\t\t<\/div>\n\t\t\t\t<\/div>\n\t\t\t\t<\/div>","protected":false},"excerpt":{"rendered":"<p>Disclaimer The information provided by Quantum Trust, its affiliates, contributors, authors, or partners (collectively, \u201cwe\u201d, \u201cus\u201d, or \u201cour\u201d) on this website is for general informational and educational purposes only. No Financial Advice The content on this website \u2014 including but not limited to articles, videos, analysis, market data, charts, signals, tools, and educational material \u2014 [&hellip;]<\/p>\n","protected":false},"author":1,"featured_media":0,"parent":0,"menu_order":0,"comment_status":"closed","ping_status":"closed","template":"elementor_header_footer","meta":{"footnotes":""},"class_list":["post-649","page","type-page","status-publish","hentry"],"_links":{"self":[{"href":"https:\/\/quantumtrust-ai.com\/fr\/wp-json\/wp\/v2\/pages\/649","targetHints":{"allow":["GET"]}}],"collection":[{"href":"https:\/\/quantumtrust-ai.com\/fr\/wp-json\/wp\/v2\/pages"}],"about":[{"href":"https:\/\/quantumtrust-ai.com\/fr\/wp-json\/wp\/v2\/types\/page"}],"author":[{"embeddable":true,"href":"https:\/\/quantumtrust-ai.com\/fr\/wp-json\/wp\/v2\/users\/1"}],"replies":[{"embeddable":true,"href":"https:\/\/quantumtrust-ai.com\/fr\/wp-json\/wp\/v2\/comments?post=649"}],"version-history":[{"count":0,"href":"https:\/\/quantumtrust-ai.com\/fr\/wp-json\/wp\/v2\/pages\/649\/revisions"}],"wp:attachment":[{"href":"https:\/\/quantumtrust-ai.com\/fr\/wp-json\/wp\/v2\/media?parent=649"}],"curies":[{"name":"wp","href":"https:\/\/api.w.org\/{rel}","templated":true}]}}