{"id":13,"date":"2025-08-08T10:13:45","date_gmt":"2025-08-08T10:13:45","guid":{"rendered":"https:\/\/quantumtrust-ai.com\/?page_id=13"},"modified":"2025-12-10T13:19:10","modified_gmt":"2025-12-10T13:19:10","slug":"sobre-nos","status":"publish","type":"page","link":"https:\/\/quantumtrust-ai.com\/pt\/about-us\/","title":{"rendered":"Sobre n\u00f3s"},"content":{"rendered":"<div data-elementor-type=\"wp-page\" data-elementor-id=\"13\" class=\"elementor elementor-13\" data-elementor-post-type=\"page\">\n\t\t\t\t<div class=\"elementor-element elementor-element-0864314 e-flex e-con-boxed e-con e-parent\" data-id=\"0864314\" data-element_type=\"container\" data-e-type=\"container\" data-settings=\"{&quot;background_background&quot;:&quot;classic&quot;}\">\n\t\t\t\t\t<div class=\"e-con-inner\">\n\t\t<div class=\"elementor-element elementor-element-1191279 e-con-full e-flex e-con e-child\" data-id=\"1191279\" data-element_type=\"container\" data-e-type=\"container\">\n\t\t\t\t<div class=\"elementor-element elementor-element-9a916b0 elementor-widget elementor-widget-heading\" data-id=\"9a916b0\" data-element_type=\"widget\" data-e-type=\"widget\" data-widget_type=\"heading.default\">\n\t\t\t\t\t<h1 class=\"elementor-heading-title elementor-size-default\">Sobre n\u00f3s<\/h1>\t\t\t\t<\/div>\n\t\t\t\t<div class=\"elementor-element elementor-element-3c453f6 elementor-widget elementor-widget-text-editor\" data-id=\"3c453f6\" data-element_type=\"widget\" data-e-type=\"widget\" data-widget_type=\"text-editor.default\">\n\t\t\t\t\t\t\t\t\t<p>Na Quantum Trust Ai!, inova\u00e7\u00e3o e precis\u00e3o convergem no mundo da negocia\u00e7\u00e3o algor\u00edtmica. Nossa plataforma de \u00faltima gera\u00e7\u00e3o foi criada para equipar os traders com tecnologia avan\u00e7ada, insights inteligentes e execu\u00e7\u00e3o impec\u00e1vel. Na Quantum Trust Ai!, temos o compromisso de oferecer as ferramentas essenciais para o sucesso no din\u00e2mico mundo da negocia\u00e7\u00e3o de ativos digitais.<\/p>\t\t\t\t\t\t\t\t<\/div>\n\t\t\t\t<\/div>\n\t\t<div class=\"elementor-element elementor-element-c71024c e-con-full e-flex e-con e-child\" data-id=\"c71024c\" data-element_type=\"container\" data-e-type=\"container\">\n\t\t\t\t<div class=\"elementor-element elementor-element-af977aa elementor-widget-mobile__width-initial elementor-widget elementor-widget-image\" data-id=\"af977aa\" data-element_type=\"widget\" data-e-type=\"widget\" data-widget_type=\"image.default\">\n\t\t\t\t\t\t\t\t\t\t\t\t\t\t\t<img fetchpriority=\"high\" decoding=\"async\" width=\"800\" height=\"691\" src=\"https:\/\/quantumtrust-ai.com\/wp-content\/uploads\/2025\/12\/About-Us.webp\" class=\"attachment-large size-large wp-image-625\" alt=\"Plataforma Quantum Trust\" srcset=\"https:\/\/quantumtrust-ai.com\/wp-content\/uploads\/2025\/12\/About-Us.webp 972w, https:\/\/quantumtrust-ai.com\/wp-content\/uploads\/2025\/12\/About-Us-300x259.webp 300w, https:\/\/quantumtrust-ai.com\/wp-content\/uploads\/2025\/12\/About-Us-768x664.webp 768w, https:\/\/quantumtrust-ai.com\/wp-content\/uploads\/2025\/12\/About-Us-14x12.webp 14w\" sizes=\"(max-width: 800px) 100vw, 800px\" \/>\t\t\t\t\t\t\t\t\t\t\t\t\t\t\t<\/div>\n\t\t\t\t<\/div>\n\t\t\t\t\t<\/div>\n\t\t\t\t<\/div>\n\t\t<div class=\"elementor-element elementor-element-152f23a e-flex e-con-boxed e-con e-parent\" data-id=\"152f23a\" data-element_type=\"container\" data-e-type=\"container\" data-settings=\"{&quot;background_background&quot;:&quot;classic&quot;}\">\n\t\t\t\t\t<div class=\"e-con-inner\">\n\t\t<div class=\"elementor-element elementor-element-46383b9 e-con-full e-flex e-con e-child\" data-id=\"46383b9\" data-element_type=\"container\" data-e-type=\"container\">\n\t\t<div class=\"elementor-element elementor-element-97b8078 e-con-full e-flex e-con e-child\" data-id=\"97b8078\" data-element_type=\"container\" data-e-type=\"container\">\n\t\t\t\t<div class=\"elementor-element elementor-element-d0550c0 elementor-widget elementor-widget-image\" data-id=\"d0550c0\" data-element_type=\"widget\" data-e-type=\"widget\" data-widget_type=\"image.default\">\n\t\t\t\t\t\t\t\t\t\t\t\t\t\t\t<img decoding=\"async\" width=\"640\" height=\"500\" src=\"https:\/\/quantumtrust-ai.com\/wp-content\/uploads\/2025\/08\/how-we-started.webp\" class=\"attachment-large size-large wp-image-146\" alt=\"\" srcset=\"https:\/\/quantumtrust-ai.com\/wp-content\/uploads\/2025\/08\/how-we-started.webp 640w, https:\/\/quantumtrust-ai.com\/wp-content\/uploads\/2025\/08\/how-we-started-300x234.webp 300w\" sizes=\"(max-width: 640px) 100vw, 640px\" \/>\t\t\t\t\t\t\t\t\t\t\t\t\t\t\t<\/div>\n\t\t\t\t<\/div>\n\t\t<div class=\"elementor-element elementor-element-c642350 e-con-full e-flex e-con e-child\" data-id=\"c642350\" data-element_type=\"container\" data-e-type=\"container\">\n\t\t\t\t<div class=\"elementor-element elementor-element-f8fcf72 elementor-widget elementor-widget-heading\" data-id=\"f8fcf72\" data-element_type=\"widget\" data-e-type=\"widget\" data-widget_type=\"heading.default\">\n\t\t\t\t\t<h2 class=\"elementor-heading-title elementor-size-default\">Como tudo come\u00e7ou?<\/h2>\t\t\t\t<\/div>\n\t\t\t\t<div class=\"elementor-element elementor-element-90d3e11 elementor-widget elementor-widget-heading\" data-id=\"90d3e11\" data-element_type=\"widget\" data-e-type=\"widget\" data-widget_type=\"heading.default\">\n\t\t\t\t\t<h2 class=\"elementor-heading-title elementor-size-default\">Movidos pela inspira\u00e7\u00e3o, lideramos!<\/h2>\t\t\t\t<\/div>\n\t\t\t\t<div class=\"elementor-element elementor-element-ce17ed0 elementor-widget elementor-widget-text-editor\" data-id=\"ce17ed0\" data-element_type=\"widget\" data-e-type=\"widget\" data-widget_type=\"text-editor.default\">\n\t\t\t\t\t\t\t\t\t<p>Desde estrat\u00e9gias de negocia\u00e7\u00e3o at\u00e9 an\u00e1lises de mercado, estamos sempre desenvolvendo e inovando com novas abordagens. Por meio de treinamento completo, mentoria e op\u00e7\u00f5es de carreira flex\u00edveis, voc\u00ea pode transitar facilmente entre diferentes estilos de negocia\u00e7\u00e3o.<\/p>\t\t\t\t\t\t\t\t<\/div>\n\t\t\t\t<div class=\"elementor-element elementor-element-a4f57df elementor-widget elementor-widget-heading\" data-id=\"a4f57df\" data-element_type=\"widget\" data-e-type=\"widget\" data-widget_type=\"heading.default\">\n\t\t\t\t\t<h2 class=\"elementor-heading-title elementor-size-default\">Juntos, prosperamos!\n<\/h2>\t\t\t\t<\/div>\n\t\t\t\t<div class=\"elementor-element elementor-element-efcdeb0 elementor-widget elementor-widget-text-editor\" data-id=\"efcdeb0\" data-element_type=\"widget\" data-e-type=\"widget\" data-widget_type=\"text-editor.default\">\n\t\t\t\t\t\t\t\t\t<p>Junte-se a uma equipe dedicada ao sucesso dos traders. Uma equipe onde cada dia traz novos desafios, motivando voc\u00ea a assumir riscos ousados \u200b\u200be inteligentes. Aqui, voc\u00ea ver\u00e1 como nos unimos para estabelecer novos padr\u00f5es de excel\u00eancia no setor de trading. Acreditamos que a diversidade impulsiona a inova\u00e7\u00e3o e a abra\u00e7amos completamente.<\/p>\t\t\t\t\t\t\t\t<\/div>\n\t\t\t\t<div class=\"elementor-element elementor-element-5e426db elementor-align-center elementor-tablet-align-center elementor-widget elementor-widget-button\" data-id=\"5e426db\" data-element_type=\"widget\" data-e-type=\"widget\" data-widget_type=\"button.default\">\n\t\t\t\t\t\t\t\t\t\t<a class=\"elementor-button elementor-button-link elementor-size-sm\" href=\"https:\/\/quantumtrust-ai.com\/pt\/contate-nos\/#Register\">\n\t\t\t\t\t\t<span class=\"elementor-button-content-wrapper\">\n\t\t\t\t\t\t\t\t\t<span class=\"elementor-button-text\">Inscreva-se agora<\/span>\n\t\t\t\t\t<\/span>\n\t\t\t\t\t<\/a>\n\t\t\t\t\t\t\t\t<\/div>\n\t\t\t\t<\/div>\n\t\t\t\t<\/div>\n\t\t<div class=\"elementor-element elementor-element-3845140 e-con-full e-flex e-con e-child\" data-id=\"3845140\" data-element_type=\"container\" data-e-type=\"container\">\n\t\t<div class=\"elementor-element elementor-element-a19e2af e-con-full e-flex e-con e-child\" data-id=\"a19e2af\" data-element_type=\"container\" data-e-type=\"container\" data-settings=\"{&quot;background_background&quot;:&quot;classic&quot;}\">\n\t\t\t\t<div class=\"elementor-element elementor-element-4db3c1a elementor-widget elementor-widget-image\" data-id=\"4db3c1a\" data-element_type=\"widget\" data-e-type=\"widget\" data-widget_type=\"image.default\">\n\t\t\t\t\t\t\t\t\t\t\t\t\t\t\t<img decoding=\"async\" width=\"289\" height=\"147\" src=\"https:\/\/quantumtrust-ai.com\/wp-content\/uploads\/2025\/08\/partner_1.webp\" class=\"attachment-large size-large wp-image-77\" alt=\"\" \/>\t\t\t\t\t\t\t\t\t\t\t\t\t\t\t<\/div>\n\t\t<div class=\"elementor-element elementor-element-27ff739 e-con-full e-flex e-con e-child\" data-id=\"27ff739\" data-element_type=\"container\" data-e-type=\"container\">\n\t\t\t\t<div class=\"elementor-element elementor-element-6a43300 elementor-widget elementor-widget-heading\" data-id=\"6a43300\" data-element_type=\"widget\" data-e-type=\"widget\" data-widget_type=\"heading.default\">\n\t\t\t\t\t<h2 class=\"elementor-heading-title elementor-size-default\">Mais de 120 maneiras de financiar suas negocia\u00e7\u00f5es.<\/h2>\t\t\t\t<\/div>\n\t\t\t\t<div class=\"elementor-element elementor-element-09c53ac elementor-widget elementor-widget-text-editor\" data-id=\"09c53ac\" data-element_type=\"widget\" data-e-type=\"widget\" data-widget_type=\"text-editor.default\">\n\t\t\t\t\t\t\t\t\t<p>Escolha entre mais de 120 op\u00e7\u00f5es de pagamento globais \u2014 locais, internacionais, criptomoedas e muito mais. Dep\u00f3sitos instant\u00e2neos, saques sem complica\u00e7\u00f5es.<\/p>\t\t\t\t\t\t\t\t<\/div>\n\t\t\t\t<\/div>\n\t\t\t\t<\/div>\n\t\t<div class=\"elementor-element elementor-element-7001f42 e-con-full e-flex e-con e-child\" data-id=\"7001f42\" data-element_type=\"container\" data-e-type=\"container\" data-settings=\"{&quot;background_background&quot;:&quot;classic&quot;}\">\n\t\t\t\t<div class=\"elementor-element elementor-element-2b11d8a elementor-widget elementor-widget-image\" data-id=\"2b11d8a\" data-element_type=\"widget\" data-e-type=\"widget\" data-widget_type=\"image.default\">\n\t\t\t\t\t\t\t\t\t\t\t\t\t\t\t<img loading=\"lazy\" decoding=\"async\" width=\"292\" height=\"148\" src=\"https:\/\/quantumtrust-ai.com\/wp-content\/uploads\/2025\/08\/partner_3-1_11zon.webp\" class=\"attachment-large size-large wp-image-231\" alt=\"flag\" \/>\t\t\t\t\t\t\t\t\t\t\t\t\t\t\t<\/div>\n\t\t<div class=\"elementor-element elementor-element-5262b01 e-con-full e-flex e-con e-child\" data-id=\"5262b01\" data-element_type=\"container\" data-e-type=\"container\">\n\t\t\t\t<div class=\"elementor-element elementor-element-ee35df2 elementor-widget elementor-widget-heading\" data-id=\"ee35df2\" data-element_type=\"widget\" data-e-type=\"widget\" data-widget_type=\"heading.default\">\n\t\t\t\t\t<h1 class=\"elementor-heading-title elementor-size-default\">Mais de 84 instrumentos. Infinitas possibilidades.<\/h1>\t\t\t\t<\/div>\n\t\t\t\t<div class=\"elementor-element elementor-element-46d8fbf elementor-widget elementor-widget-text-editor\" data-id=\"46d8fbf\" data-element_type=\"widget\" data-e-type=\"widget\" data-widget_type=\"text-editor.default\">\n\t\t\t\t\t\t\t\t\t<p>De Forex a commodities, de \u00edndices a CFDs, diversifique sua estrat\u00e9gia em mais de 84 classes de ativos globais, tudo em uma \u00fanica plataforma poderosa.<\/p>\t\t\t\t\t\t\t\t<\/div>\n\t\t\t\t<\/div>\n\t\t\t\t<\/div>\n\t\t<div class=\"elementor-element elementor-element-2ca7c10 e-con-full e-flex e-con e-child\" data-id=\"2ca7c10\" data-element_type=\"container\" data-e-type=\"container\" data-settings=\"{&quot;background_background&quot;:&quot;classic&quot;}\">\n\t\t\t\t<div class=\"elementor-element elementor-element-0c4dbec elementor-widget elementor-widget-image\" data-id=\"0c4dbec\" data-element_type=\"widget\" data-e-type=\"widget\" data-widget_type=\"image.default\">\n\t\t\t\t\t\t\t\t\t\t\t\t\t\t\t<img loading=\"lazy\" decoding=\"async\" width=\"289\" height=\"147\" src=\"https:\/\/quantumtrust-ai.com\/wp-content\/uploads\/2025\/08\/partner_4.webp\" class=\"attachment-large size-large wp-image-79\" alt=\"\" \/>\t\t\t\t\t\t\t\t\t\t\t\t\t\t\t<\/div>\n\t\t<div class=\"elementor-element elementor-element-1774b46 e-con-full e-flex e-con e-child\" data-id=\"1774b46\" data-element_type=\"container\" data-e-type=\"container\">\n\t\t\t\t<div class=\"elementor-element elementor-element-ec5135e elementor-widget elementor-widget-heading\" data-id=\"ec5135e\" data-element_type=\"widget\" data-e-type=\"widget\" data-widget_type=\"heading.default\">\n\t\t\t\t\t<h1 class=\"elementor-heading-title elementor-size-default\">Suporte real para pessoas reais, 24 horas por dia, 7 dias por semana.<\/h1>\t\t\t\t<\/div>\n\t\t\t\t<div class=\"elementor-element elementor-element-35a5f99 elementor-widget elementor-widget-text-editor\" data-id=\"35a5f99\" data-element_type=\"widget\" data-e-type=\"widget\" data-widget_type=\"text-editor.default\">\n\t\t\t\t\t\t\t\t\t<p>Porque os bots n\u00e3o entendem. N\u00f3s entendemos. Fale com especialistas de verdade a qualquer hora, em qualquer lugar. Nossa equipe de suporte global est\u00e1 aqui para voc\u00ea, sempre com pessoas reais, nunca com respostas automatizadas.<\/p>\t\t\t\t\t\t\t\t<\/div>\n\t\t\t\t<\/div>\n\t\t\t\t<\/div>\n\t\t\t\t<\/div>\n\t\t\t\t\t<\/div>\n\t\t\t\t<\/div>\n\t\t\t\t<\/div>","protected":false},"excerpt":{"rendered":"<p>About Us Quantum Trust Ai! is where innovation and precision converge in the realm of algorithmic trading. Our state-of-the-art platform is built to equip traders with advanced technology, smart insights, and flawless execution. At Quantum Trust Ai!, we are committed to offering the essential tools for success in the dynamic world of digital asset trading. [&hellip;]<\/p>\n","protected":false},"author":1,"featured_media":0,"parent":0,"menu_order":0,"comment_status":"closed","ping_status":"closed","template":"elementor_header_footer","meta":{"footnotes":""},"class_list":["post-13","page","type-page","status-publish","hentry"],"_links":{"self":[{"href":"https:\/\/quantumtrust-ai.com\/pt\/wp-json\/wp\/v2\/pages\/13","targetHints":{"allow":["GET"]}}],"collection":[{"href":"https:\/\/quantumtrust-ai.com\/pt\/wp-json\/wp\/v2\/pages"}],"about":[{"href":"https:\/\/quantumtrust-ai.com\/pt\/wp-json\/wp\/v2\/types\/page"}],"author":[{"embeddable":true,"href":"https:\/\/quantumtrust-ai.com\/pt\/wp-json\/wp\/v2\/users\/1"}],"replies":[{"embeddable":true,"href":"https:\/\/quantumtrust-ai.com\/pt\/wp-json\/wp\/v2\/comments?post=13"}],"version-history":[{"count":0,"href":"https:\/\/quantumtrust-ai.com\/pt\/wp-json\/wp\/v2\/pages\/13\/revisions"}],"wp:attachment":[{"href":"https:\/\/quantumtrust-ai.com\/pt\/wp-json\/wp\/v2\/media?parent=13"}],"curies":[{"name":"wp","href":"https:\/\/api.w.org\/{rel}","templated":true}]}}