{"id":19,"date":"2025-08-08T10:15:16","date_gmt":"2025-08-08T10:15:16","guid":{"rendered":"https:\/\/quantumtrust-ai.com\/?page_id=19"},"modified":"2025-10-24T12:26:02","modified_gmt":"2025-10-24T12:26:02","slug":"politica-de-privacidade","status":"publish","type":"page","link":"https:\/\/quantumtrust-ai.com\/pt\/privacy-policy\/","title":{"rendered":"pol\u00edtica de Privacidade"},"content":{"rendered":"<div data-elementor-type=\"wp-page\" data-elementor-id=\"19\" class=\"elementor elementor-19\" data-elementor-post-type=\"page\">\n\t\t\t\t<div class=\"elementor-element elementor-element-1701aaa responsive-section e-flex e-con-boxed e-con e-parent\" data-id=\"1701aaa\" data-element_type=\"container\" data-e-type=\"container\" data-settings=\"{&quot;background_background&quot;:&quot;classic&quot;}\">\n\t\t\t\t\t<div class=\"e-con-inner\">\n\t\t\t\t<div class=\"elementor-element elementor-element-0344071 elementor-widget elementor-widget-spacer\" data-id=\"0344071\" data-element_type=\"widget\" data-e-type=\"widget\" data-widget_type=\"spacer.default\">\n\t\t\t\t\t\t\t<div class=\"elementor-spacer\">\n\t\t\t<div class=\"elementor-spacer-inner\"><\/div>\n\t\t<\/div>\n\t\t\t\t\t\t<\/div>\n\t\t<div class=\"elementor-element elementor-element-74d35cc e-con-full e-flex e-con e-child\" data-id=\"74d35cc\" data-element_type=\"container\" data-e-type=\"container\">\n\t\t\t\t<div class=\"elementor-element elementor-element-3ae4889 elementor-widget elementor-widget-heading\" data-id=\"3ae4889\" data-element_type=\"widget\" data-e-type=\"widget\" data-widget_type=\"heading.default\">\n\t\t\t\t\t<h1 class=\"elementor-heading-title elementor-size-default\">pol\u00edtica de Privacidade<\/h1>\t\t\t\t<\/div>\n\t\t\t\t<\/div>\n\t\t\t\t<div class=\"elementor-element elementor-element-548c623 elementor-widget elementor-widget-spacer\" data-id=\"548c623\" data-element_type=\"widget\" data-e-type=\"widget\" data-widget_type=\"spacer.default\">\n\t\t\t\t\t\t\t<div class=\"elementor-spacer\">\n\t\t\t<div class=\"elementor-spacer-inner\"><\/div>\n\t\t<\/div>\n\t\t\t\t\t\t<\/div>\n\t\t\t\t<div class=\"elementor-element elementor-element-a6474b9 elementor-widget elementor-widget-heading\" data-id=\"a6474b9\" data-element_type=\"widget\" data-e-type=\"widget\" data-widget_type=\"heading.default\">\n\t\t\t\t\t<h2 class=\"elementor-heading-title elementor-size-default\">Uma breve introdu\u00e7\u00e3o<\/h2>\t\t\t\t<\/div>\n\t\t\t\t<div class=\"elementor-element elementor-element-afcc84b elementor-widget elementor-widget-text-editor\" data-id=\"afcc84b\" data-element_type=\"widget\" data-e-type=\"widget\" data-widget_type=\"text-editor.default\">\n\t\t\t\t\t\t\t\t\t<p>Acesse nosso site atrav\u00e9s do seguinte link: <a href=\"https:\/\/quantumtrust-ai.com\/pt\/\">https:\/\/quantumtrust-ai.com\/<\/a><\/p>\t\t\t\t\t\t\t\t<\/div>\n\t\t\t\t<div class=\"elementor-element elementor-element-0e0ee80 elementor-widget elementor-widget-heading\" data-id=\"0e0ee80\" data-element_type=\"widget\" data-e-type=\"widget\" data-widget_type=\"heading.default\">\n\t\t\t\t\t<h2 class=\"elementor-heading-title elementor-size-default\">Coment\u00e1rios<\/h2>\t\t\t\t<\/div>\n\t\t\t\t<div class=\"elementor-element elementor-element-35d8432 elementor-widget elementor-widget-text-editor\" data-id=\"35d8432\" data-element_type=\"widget\" data-e-type=\"widget\" data-widget_type=\"text-editor.default\">\n\t\t\t\t\t\t\t\t\t<p>Se um usu\u00e1rio publicar algum coment\u00e1rio em nosso site, coletaremos as informa\u00e7\u00f5es exibidas na se\u00e7\u00e3o de coment\u00e1rios, juntamente com o endere\u00e7o IP do usu\u00e1rio e os detalhes de identifica\u00e7\u00e3o do navegador, para evitar fraudes.<\/p><p>O servi\u00e7o Avatar pode solicitar uma sequ\u00eancia codificada (comumente chamada de hash) gerada a partir do seu endere\u00e7o de e-mail para validar seu uso. Voc\u00ea pode acessar os termos e condi\u00e7\u00f5es do servi\u00e7o Avatar em: <a href=\"https:\/\/quantumtrust-ai.com\/pt\/\">https:\/\/quantumtrust-ai.com\/<\/a><\/p><p>\u00a0Sua foto de perfil aparecer\u00e1 para o p\u00fablico que visita o site na caixa de coment\u00e1rios ap\u00f3s ser autorizada.<\/p>\t\t\t\t\t\t\t\t<\/div>\n\t\t\t\t<div class=\"elementor-element elementor-element-11d5525 elementor-widget elementor-widget-heading\" data-id=\"11d5525\" data-element_type=\"widget\" data-e-type=\"widget\" data-widget_type=\"heading.default\">\n\t\t\t\t\t<h2 class=\"elementor-heading-title elementor-size-default\">M\u00eddia<\/h2>\t\t\t\t<\/div>\n\t\t\t\t<div class=\"elementor-element elementor-element-93896d6 elementor-widget elementor-widget-text-editor\" data-id=\"93896d6\" data-element_type=\"widget\" data-e-type=\"widget\" data-widget_type=\"text-editor.default\">\n\t\t\t\t\t\t\t\t\t<p>Se voc\u00ea estiver enviando alguma foto para o <strong>Quantum Trust Ai<\/strong>\u00a0Se voc\u00ea utiliza uma plataforma de negocia\u00e7\u00e3o, \u00e9 melhor evitar o envio de imagens que contenham informa\u00e7\u00f5es geogr\u00e1ficas incorporadas (EXIF GPS). Isso porque os visitantes do site podem baixar e utilizar os dados geogr\u00e1ficos integrados nessas imagens.<\/p>\t\t\t\t\t\t\t\t<\/div>\n\t\t\t\t<div class=\"elementor-element elementor-element-b95f72a elementor-widget elementor-widget-heading\" data-id=\"b95f72a\" data-element_type=\"widget\" data-e-type=\"widget\" data-widget_type=\"heading.default\">\n\t\t\t\t\t<h2 class=\"elementor-heading-title elementor-size-default\">Cookies<\/h2>\t\t\t\t<\/div>\n\t\t\t\t<div class=\"elementor-element elementor-element-4ed9226 elementor-widget elementor-widget-text-editor\" data-id=\"4ed9226\" data-element_type=\"widget\" data-e-type=\"widget\" data-widget_type=\"text-editor.default\">\n\t\t\t\t\t\t\t\t\t<p>Ao deixar um coment\u00e1rio em nossa plataforma, voc\u00ea tem a op\u00e7\u00e3o de salvar seu nome, endere\u00e7o de e-mail e site em cookies. Isso evita o inc\u00f4modo de digitar essas informa\u00e7\u00f5es repetidamente. Os cookies salvos ser\u00e3o mantidos por um per\u00edodo de 12 meses.<br \/><br \/>Ap\u00f3s acessar nossa p\u00e1gina de login, um cookie tempor\u00e1rio ser\u00e1 criado para verificar a compatibilidade do seu navegador com cookies. Ele n\u00e3o armazenar\u00e1 nenhuma informa\u00e7\u00e3o e ser\u00e1 exclu\u00eddo assim que voc\u00ea sair do site.<br \/><br \/>Ao fazer login, v\u00e1rios cookies ser\u00e3o instalados para armazenar suas prefer\u00eancias de exibi\u00e7\u00e3o e informa\u00e7\u00f5es de login. Embora os cookies relacionados \u00e0s prefer\u00eancias visuais sejam v\u00e1lidos por um ano inteiro, os cookies de login t\u00eam validade de apenas dois dias. Selecione \"Manter-me conectado\" para garantir que voc\u00ea permane\u00e7a conectado pelas pr\u00f3ximas duas semanas. Se optar por sair, os cookies de login ser\u00e3o removidos assim que voc\u00ea fechar o navegador.<br \/><br \/>Ao editar ou publicar uma postagem, seu navegador armazenar\u00e1 um cookie adicional. Esse cookie indica apenas o ID da postagem do conte\u00fado que voc\u00ea editou recentemente; ele n\u00e3o inclui dados privados e expira em 24 horas.<\/p>\t\t\t\t\t\t\t\t<\/div>\n\t\t\t\t<div class=\"elementor-element elementor-element-1fcaa5d elementor-widget elementor-widget-heading\" data-id=\"1fcaa5d\" data-element_type=\"widget\" data-e-type=\"widget\" data-widget_type=\"heading.default\">\n\t\t\t\t\t<h2 class=\"elementor-heading-title elementor-size-default\">Conte\u00fado de sites externos\n<\/h2>\t\t\t\t<\/div>\n\t\t\t\t<div class=\"elementor-element elementor-element-999d799 elementor-widget elementor-widget-text-editor\" data-id=\"999d799\" data-element_type=\"widget\" data-e-type=\"widget\" data-widget_type=\"text-editor.default\">\n\t\t\t\t\t\t\t\t\t<p>O conte\u00fado apresentado neste site pode incluir componentes interligados (imagens, texto, v\u00eddeos, etc.). O conte\u00fado incorporado de v\u00e1rios sites funciona da mesma forma como se o usu\u00e1rio tivesse visitado outro site.<\/p><p>Esses sites podem coletar dados sobre voc\u00ea, usar cookies, adicionar rastreamento de terceiros e observar como voc\u00ea interage com o conte\u00fado incorporado. Se voc\u00ea tiver uma conta e estiver conectado regularmente ao site, <strong>Quantum Trust Ai<\/strong>\u00a0O site da plataforma de negocia\u00e7\u00e3o tamb\u00e9m pode monitorar como voc\u00ea interage com o conte\u00fado.\u201d<\/p>\t\t\t\t\t\t\t\t<\/div>\n\t\t\t\t<div class=\"elementor-element elementor-element-0edefb1 elementor-widget elementor-widget-heading\" data-id=\"0edefb1\" data-element_type=\"widget\" data-e-type=\"widget\" data-widget_type=\"heading.default\">\n\t\t\t\t\t<h2 class=\"elementor-heading-title elementor-size-default\">Compartilhamos dados com algu\u00e9m?<\/h2>\t\t\t\t<\/div>\n\t\t\t\t<div class=\"elementor-element elementor-element-8677ac2 elementor-widget elementor-widget-text-editor\" data-id=\"8677ac2\" data-element_type=\"widget\" data-e-type=\"widget\" data-widget_type=\"text-editor.default\">\n\t\t\t\t\t\t\t\t\t<p>Caso seja necess\u00e1rio alterar a senha, o endere\u00e7o IP ser\u00e1 inclu\u00eddo no e-mail.<\/p>\t\t\t\t\t\t\t\t<\/div>\n\t\t\t\t<div class=\"elementor-element elementor-element-8af4f60 elementor-widget elementor-widget-heading\" data-id=\"8af4f60\" data-element_type=\"widget\" data-e-type=\"widget\" data-widget_type=\"heading.default\">\n\t\t\t\t\t<h2 class=\"elementor-heading-title elementor-size-default\">Por quanto tempo os dados s\u00e3o retidos?<\/h2>\t\t\t\t<\/div>\n\t\t\t\t<div class=\"elementor-element elementor-element-d75b93b elementor-widget elementor-widget-text-editor\" data-id=\"d75b93b\" data-element_type=\"widget\" data-e-type=\"widget\" data-widget_type=\"text-editor.default\">\n\t\t\t\t\t\t\t\t\t<p>Assim que voc\u00ea deixa uma avalia\u00e7\u00e3o, ela e seus metadados associados s\u00e3o armazenados permanentemente. Dessa forma, podemos garantir que quaisquer coment\u00e1rios futuros sejam reconhecidos e verificados automaticamente, em vez de ficarem retidos no processo de verifica\u00e7\u00e3o.\u00a0<\/p><p>Quando algu\u00e9m se cadastra em nosso site, tamb\u00e9m protegemos os dados pessoais que os usu\u00e1rios inserem em suas contas. Todos os usu\u00e1rios t\u00eam a liberdade de visualizar, editar ou excluir suas informa\u00e7\u00f5es pessoais a qualquer momento (exceto o nome de usu\u00e1rio). Esses dados tamb\u00e9m podem ser visualizados e editados por outros usu\u00e1rios. <strong>Quantum Trust Ai<\/strong>\u00a0administradores da plataforma de negocia\u00e7\u00e3o.\u201d<\/p>\t\t\t\t\t\t\t\t<\/div>\n\t\t\t\t<div class=\"elementor-element elementor-element-b919c7c elementor-widget elementor-widget-heading\" data-id=\"b919c7c\" data-element_type=\"widget\" data-e-type=\"widget\" data-widget_type=\"heading.default\">\n\t\t\t\t\t<h2 class=\"elementor-heading-title elementor-size-default\">Tenho algum direito sobre os dados?<\/h2>\t\t\t\t<\/div>\n\t\t\t\t<div class=\"elementor-element elementor-element-2a5a048 elementor-widget elementor-widget-text-editor\" data-id=\"2a5a048\" data-element_type=\"widget\" data-e-type=\"widget\" data-widget_type=\"text-editor.default\">\n\t\t\t\t\t\t\t\t\t<p>Se voc\u00ea for titular de uma conta da <strong>Quantum Trust Ai<\/strong>\u00a0Se voc\u00ea utiliza a plataforma de negocia\u00e7\u00e3o ou deixou coment\u00e1rios no passado, tem direito a uma c\u00f3pia das informa\u00e7\u00f5es privadas que mantemos em arquivo sobre voc\u00ea. Isso inclui qualquer informa\u00e7\u00e3o que voc\u00ea nos tenha fornecido explicitamente. Voc\u00ea tamb\u00e9m pode solicitar que removamos quaisquer informa\u00e7\u00f5es sens\u00edveis que possamos ter sobre voc\u00ea. No entanto, isso exclui qualquer informa\u00e7\u00e3o que sejamos obrigados a manter em arquivo por motivos administrativos, legais ou de seguran\u00e7a.<\/p>\t\t\t\t\t\t\t\t<\/div>\n\t\t\t\t<div class=\"elementor-element elementor-element-5fc41b9 elementor-widget elementor-widget-heading\" data-id=\"5fc41b9\" data-element_type=\"widget\" data-e-type=\"widget\" data-widget_type=\"heading.default\">\n\t\t\t\t\t<h2 class=\"elementor-heading-title elementor-size-default\">Os dados s\u00e3o enviados para algum lugar?<\/h2>\t\t\t\t<\/div>\n\t\t\t\t<div class=\"elementor-element elementor-element-562c624 elementor-widget elementor-widget-text-editor\" data-id=\"562c624\" data-element_type=\"widget\" data-e-type=\"widget\" data-widget_type=\"text-editor.default\">\n\t\t\t\t\t\t\t\t\t<p>Os coment\u00e1rios feitos pelos visitantes passar\u00e3o por um processo de verifica\u00e7\u00e3o atrav\u00e9s do sistema de identifica\u00e7\u00e3o de spam.<\/p>\t\t\t\t\t\t\t\t<\/div>\n\t\t\t\t<div class=\"elementor-element elementor-element-3768a87 elementor-widget elementor-widget-heading\" data-id=\"3768a87\" data-element_type=\"widget\" data-e-type=\"widget\" data-widget_type=\"heading.default\">\n\t\t\t\t\t<h2 class=\"elementor-heading-title elementor-size-default\">Contate-nos<\/h2>\t\t\t\t<\/div>\n\t\t\t\t<div class=\"elementor-element elementor-element-720ed82 elementor-widget elementor-widget-text-editor\" data-id=\"720ed82\" data-element_type=\"widget\" data-e-type=\"widget\" data-widget_type=\"text-editor.default\">\n\t\t\t\t\t\t\t\t\t<p>Caso tenha alguma d\u00favida sobre esta Pol\u00edtica de Privacidade, entre em contato conosco:<\/p><p><a href=\"mailto:support@quantumtrust-ai.com\">support@quantumtrust-ai.com<\/a><\/p>\t\t\t\t\t\t\t\t<\/div>\n\t\t\t\t<div class=\"elementor-element elementor-element-c230030 elementor-widget elementor-widget-spacer\" data-id=\"c230030\" data-element_type=\"widget\" data-e-type=\"widget\" data-widget_type=\"spacer.default\">\n\t\t\t\t\t\t\t<div class=\"elementor-spacer\">\n\t\t\t<div class=\"elementor-spacer-inner\"><\/div>\n\t\t<\/div>\n\t\t\t\t\t\t<\/div>\n\t\t\t\t\t<\/div>\n\t\t\t\t<\/div>\n\t\t\t\t<\/div>","protected":false},"excerpt":{"rendered":"<p>Privacy Policy A Brief Intro Access our website through the: https:\/\/quantumtrust-ai.com\/ Comments If a user posts any comment on our website, we will collect the information that is shown in the comment section along with the user&#8217;s IP address and browser identification details to prevent any scams. The Avatar service may request an encoded sequence [&hellip;]<\/p>\n","protected":false},"author":1,"featured_media":0,"parent":0,"menu_order":0,"comment_status":"closed","ping_status":"closed","template":"elementor_header_footer","meta":{"footnotes":""},"class_list":["post-19","page","type-page","status-publish","hentry"],"_links":{"self":[{"href":"https:\/\/quantumtrust-ai.com\/pt\/wp-json\/wp\/v2\/pages\/19","targetHints":{"allow":["GET"]}}],"collection":[{"href":"https:\/\/quantumtrust-ai.com\/pt\/wp-json\/wp\/v2\/pages"}],"about":[{"href":"https:\/\/quantumtrust-ai.com\/pt\/wp-json\/wp\/v2\/types\/page"}],"author":[{"embeddable":true,"href":"https:\/\/quantumtrust-ai.com\/pt\/wp-json\/wp\/v2\/users\/1"}],"replies":[{"embeddable":true,"href":"https:\/\/quantumtrust-ai.com\/pt\/wp-json\/wp\/v2\/comments?post=19"}],"version-history":[{"count":0,"href":"https:\/\/quantumtrust-ai.com\/pt\/wp-json\/wp\/v2\/pages\/19\/revisions"}],"wp:attachment":[{"href":"https:\/\/quantumtrust-ai.com\/pt\/wp-json\/wp\/v2\/media?parent=19"}],"curies":[{"name":"wp","href":"https:\/\/api.w.org\/{rel}","templated":true}]}}