{"id":649,"date":"2025-12-26T09:23:33","date_gmt":"2025-12-26T09:23:33","guid":{"rendered":"https:\/\/quantumtrust-ai.com\/?page_id=649"},"modified":"2025-12-26T10:20:23","modified_gmt":"2025-12-26T10:20:23","slug":"isencao-de-responsabilidade","status":"publish","type":"page","link":"https:\/\/quantumtrust-ai.com\/pt\/disclaimer\/","title":{"rendered":"Isen\u00e7\u00e3o de responsabilidade"},"content":{"rendered":"<div data-elementor-type=\"wp-page\" data-elementor-id=\"649\" class=\"elementor elementor-649\" data-elementor-post-type=\"page\">\n\t\t\t\t<div class=\"elementor-element elementor-element-e118328 responsive-section e-flex e-con-boxed e-con e-parent\" data-id=\"e118328\" data-element_type=\"container\" data-e-type=\"container\" data-settings=\"{&quot;background_background&quot;:&quot;classic&quot;}\">\n\t\t\t\t\t<div class=\"e-con-inner\">\n\t\t\t\t<div class=\"elementor-element elementor-element-e1f3053 elementor-widget elementor-widget-spacer\" data-id=\"e1f3053\" data-element_type=\"widget\" data-e-type=\"widget\" data-widget_type=\"spacer.default\">\n\t\t\t\t\t\t\t<div class=\"elementor-spacer\">\n\t\t\t<div class=\"elementor-spacer-inner\"><\/div>\n\t\t<\/div>\n\t\t\t\t\t\t<\/div>\n\t\t<div class=\"elementor-element elementor-element-e0e7d1c e-con-full e-flex e-con e-child\" data-id=\"e0e7d1c\" data-element_type=\"container\" data-e-type=\"container\">\n\t\t\t\t<div class=\"elementor-element elementor-element-509fb6a elementor-widget elementor-widget-heading\" data-id=\"509fb6a\" data-element_type=\"widget\" data-e-type=\"widget\" data-widget_type=\"heading.default\">\n\t\t\t\t\t<h1 class=\"elementor-heading-title elementor-size-default\">Isen\u00e7\u00e3o de responsabilidade<\/h1>\t\t\t\t<\/div>\n\t\t\t\t<\/div>\n\t\t\t\t<div class=\"elementor-element elementor-element-7578df8 elementor-widget elementor-widget-spacer\" data-id=\"7578df8\" data-element_type=\"widget\" data-e-type=\"widget\" data-widget_type=\"spacer.default\">\n\t\t\t\t\t\t\t<div class=\"elementor-spacer\">\n\t\t\t<div class=\"elementor-spacer-inner\"><\/div>\n\t\t<\/div>\n\t\t\t\t\t\t<\/div>\n\t\t\t\t<div class=\"elementor-element elementor-element-b8b0d03 elementor-widget elementor-widget-text-editor\" data-id=\"b8b0d03\" data-element_type=\"widget\" data-e-type=\"widget\" data-widget_type=\"text-editor.default\">\n\t\t\t\t\t\t\t\t\t<p class=\"translation-block\">As informa\u00e7\u00f5es fornecidas pela <strong>Quantum Trust<\/strong>, suas afiliadas, colaboradores, autores ou parceiros (coletivamente, \u201cn\u00f3s\u201d, \u201cnos\u201d ou \u201cnossos\u201d) neste site s\u00e3o apenas para fins informativos e educacionais gerais.<\/p>\t\t\t\t\t\t\t\t<\/div>\n\t\t\t\t<div class=\"elementor-element elementor-element-1228b4f elementor-widget elementor-widget-heading\" data-id=\"1228b4f\" data-element_type=\"widget\" data-e-type=\"widget\" data-widget_type=\"heading.default\">\n\t\t\t\t\t<h2 class=\"elementor-heading-title elementor-size-default\">Sem aconselhamento financeiro.<\/h2>\t\t\t\t<\/div>\n\t\t\t\t<div class=\"elementor-element elementor-element-20a94b1 elementor-widget elementor-widget-text-editor\" data-id=\"20a94b1\" data-element_type=\"widget\" data-e-type=\"widget\" data-widget_type=\"text-editor.default\">\n\t\t\t\t\t\t\t\t\t<p>O conte\u00fado deste site \u2014 incluindo, entre outros, artigos, v\u00eddeos, an\u00e1lises, dados de mercado, gr\u00e1ficos, sinais, ferramentas e material educativo \u2014 n\u00e3o constitui aconselhamento financeiro, de investimento, jur\u00eddico, tribut\u00e1rio ou de qualquer outra natureza profissional. Nada neste site constitui uma recomenda\u00e7\u00e3o, solicita\u00e7\u00e3o, oferta ou endosso para comprar, vender, manter ou negociar qualquer instrumento financeiro, t\u00edtulo, commodity, moeda, ativo digital ou produto de investimento.<\/p>\t\t\t\t\t\t\t\t<\/div>\n\t\t\t\t<div class=\"elementor-element elementor-element-06d85c6 elementor-widget elementor-widget-heading\" data-id=\"06d85c6\" data-element_type=\"widget\" data-e-type=\"widget\" data-widget_type=\"heading.default\">\n\t\t\t\t\t<h2 class=\"elementor-heading-title elementor-size-default\">Reconhecimento de Risco<\/h2>\t\t\t\t<\/div>\n\t\t\t\t<div class=\"elementor-element elementor-element-57bb1ee elementor-widget elementor-widget-text-editor\" data-id=\"57bb1ee\" data-element_type=\"widget\" data-e-type=\"widget\" data-widget_type=\"text-editor.default\">\n\t\t\t\t\t\t\t\t\t<p>A negocia\u00e7\u00e3o nos mercados financeiros \u2014 incluindo c\u00e2mbio (FX), contratos por diferen\u00e7a (CFDs), criptomoedas, a\u00e7\u00f5es, \u00edndices e outros derivativos \u2014 envolve riscos significativos e n\u00e3o \u00e9 adequada para todos os investidores. O desempenho passado n\u00e3o \u00e9 indicativo de resultados futuros. Voc\u00ea deve considerar cuidadosamente sua situa\u00e7\u00e3o financeira e toler\u00e2ncia ao risco antes de se envolver em qualquer atividade de negocia\u00e7\u00e3o ou investimento.<\/p>\t\t\t\t\t\t\t\t<\/div>\n\t\t\t\t<div class=\"elementor-element elementor-element-7463e24 elementor-widget elementor-widget-heading\" data-id=\"7463e24\" data-element_type=\"widget\" data-e-type=\"widget\" data-widget_type=\"heading.default\">\n\t\t\t\t\t<h2 class=\"elementor-heading-title elementor-size-default\">Sem responsabilidade<\/h2>\t\t\t\t<\/div>\n\t\t\t\t<div class=\"elementor-element elementor-element-d5ed55e elementor-widget elementor-widget-text-editor\" data-id=\"d5ed55e\" data-element_type=\"widget\" data-e-type=\"widget\" data-widget_type=\"text-editor.default\">\n\t\t\t\t\t\t\t\t\t<p>N\u00e3o oferecemos garantias quanto \u00e0 precis\u00e3o, confiabilidade, atualidade, integridade ou adequa\u00e7\u00e3o das informa\u00e7\u00f5es contidas neste site. Ao usar este site, voc\u00ea concorda expressamente que:<\/p><ul><li class=\"translation-block\">A Quantum Trust, seus propriet\u00e1rios, funcion\u00e1rios, contratados, diretores e parceiros n\u00e3o s\u00e3o respons\u00e1veis \u200b\u200bpor quaisquer perdas, danos, custos ou despesas decorrentes direta ou indiretamente do uso deste site ou da confian\u00e7a em seu conte\u00fado;<\/li><li>Voc\u00ea assume total responsabilidade por suas decis\u00f5es, negocia\u00e7\u00f5es, estrat\u00e9gias e resultados.<\/li><\/ul>\t\t\t\t\t\t\t\t<\/div>\n\t\t\t\t<div class=\"elementor-element elementor-element-b1dc282 elementor-widget elementor-widget-heading\" data-id=\"b1dc282\" data-element_type=\"widget\" data-e-type=\"widget\" data-widget_type=\"heading.default\">\n\t\t\t\t\t<h2 class=\"elementor-heading-title elementor-size-default\">Verifica\u00e7\u00e3o independente<\/h2>\t\t\t\t<\/div>\n\t\t\t\t<div class=\"elementor-element elementor-element-f9dc833 elementor-widget elementor-widget-text-editor\" data-id=\"f9dc833\" data-element_type=\"widget\" data-e-type=\"widget\" data-widget_type=\"text-editor.default\">\n\t\t\t\t\t\t\t\t\t<p>Voc\u00ea deve verificar todas as informa\u00e7\u00f5es de forma independente antes de agir com base nelas. Isso inclui consultar um profissional licenciado nas \u00e1reas financeira, tribut\u00e1ria ou jur\u00eddica, quando apropriado.<\/p>\t\t\t\t\t\t\t\t<\/div>\n\t\t\t\t<div class=\"elementor-element elementor-element-9b4d95a elementor-widget elementor-widget-heading\" data-id=\"9b4d95a\" data-element_type=\"widget\" data-e-type=\"widget\" data-widget_type=\"heading.default\">\n\t\t\t\t\t<h2 class=\"elementor-heading-title elementor-size-default\">Sem garantias<\/h2>\t\t\t\t<\/div>\n\t\t\t\t<div class=\"elementor-element elementor-element-8156bfc elementor-widget elementor-widget-text-editor\" data-id=\"8156bfc\" data-element_type=\"widget\" data-e-type=\"widget\" data-widget_type=\"text-editor.default\">\n\t\t\t\t\t\t\t\t\t<p>N\u00e3o garantimos lucros, exatid\u00e3o dos dados, integridade do conte\u00fado ou acesso ininterrupto ao site. Podem ocorrer problemas t\u00e9cnicos, erros, omiss\u00f5es e informa\u00e7\u00f5es desatualizadas.<\/p>\t\t\t\t\t\t\t\t<\/div>\n\t\t\t\t<div class=\"elementor-element elementor-element-81c6a13 elementor-widget elementor-widget-heading\" data-id=\"81c6a13\" data-element_type=\"widget\" data-e-type=\"widget\" data-widget_type=\"heading.default\">\n\t\t\t\t\t<h2 class=\"elementor-heading-title elementor-size-default\">Links externos<\/h2>\t\t\t\t<\/div>\n\t\t\t\t<div class=\"elementor-element elementor-element-7166f2e elementor-widget elementor-widget-text-editor\" data-id=\"7166f2e\" data-element_type=\"widget\" data-e-type=\"widget\" data-widget_type=\"text-editor.default\">\n\t\t\t\t\t\t\t\t\t<p><strong>Quantum Trust<\/strong> Podemos incluir links para sites, ferramentas ou servi\u00e7os de terceiros (\"Sites Externos\"). Esses links s\u00e3o fornecidos apenas para sua conveni\u00eancia. N\u00e3o endossamos nem nos responsabilizamos pelo conte\u00fado, precis\u00e3o ou pr\u00e1ticas de quaisquer Sites Externos.<\/p>\t\t\t\t\t\t\t\t<\/div>\n\t\t\t\t<div class=\"elementor-element elementor-element-11a0b9c elementor-widget elementor-widget-heading\" data-id=\"11a0b9c\" data-element_type=\"widget\" data-e-type=\"widget\" data-widget_type=\"heading.default\">\n\t\t\t\t\t<h2 class=\"elementor-heading-title elementor-size-default\">Sua responsabilidade<\/h2>\t\t\t\t<\/div>\n\t\t\t\t<div class=\"elementor-element elementor-element-984a83f elementor-widget elementor-widget-text-editor\" data-id=\"984a83f\" data-element_type=\"widget\" data-e-type=\"widget\" data-widget_type=\"text-editor.default\">\n\t\t\t\t\t\t\t\t\t<p>Ao acessar ou usar este site, voc\u00ea concorda que todas as decis\u00f5es de investimento s\u00e3o tomadas por sua conta e risco. Voc\u00ea expressamente isenta a quantumtrust-ai.com de toda e qualquer responsabilidade por quaisquer perdas ou danos diretos ou indiretos que voc\u00ea possa sofrer.<\/p><p>Caso n\u00e3o concorde com qualquer parte desta declara\u00e7\u00e3o de exonera\u00e7\u00e3o de responsabilidade, dever\u00e1 interromper imediatamente a utiliza\u00e7\u00e3o deste website.<\/p>\t\t\t\t\t\t\t\t<\/div>\n\t\t\t\t<div class=\"elementor-element elementor-element-e5d1a97 elementor-widget elementor-widget-spacer\" data-id=\"e5d1a97\" data-element_type=\"widget\" data-e-type=\"widget\" data-widget_type=\"spacer.default\">\n\t\t\t\t\t\t\t<div class=\"elementor-spacer\">\n\t\t\t<div class=\"elementor-spacer-inner\"><\/div>\n\t\t<\/div>\n\t\t\t\t\t\t<\/div>\n\t\t\t\t\t<\/div>\n\t\t\t\t<\/div>\n\t\t\t\t<\/div>","protected":false},"excerpt":{"rendered":"<p>Disclaimer The information provided by Quantum Trust, its affiliates, contributors, authors, or partners (collectively, \u201cwe\u201d, \u201cus\u201d, or \u201cour\u201d) on this website is for general informational and educational purposes only. No Financial Advice The content on this website \u2014 including but not limited to articles, videos, analysis, market data, charts, signals, tools, and educational material \u2014 [&hellip;]<\/p>\n","protected":false},"author":1,"featured_media":0,"parent":0,"menu_order":0,"comment_status":"closed","ping_status":"closed","template":"elementor_header_footer","meta":{"footnotes":""},"class_list":["post-649","page","type-page","status-publish","hentry"],"_links":{"self":[{"href":"https:\/\/quantumtrust-ai.com\/pt\/wp-json\/wp\/v2\/pages\/649","targetHints":{"allow":["GET"]}}],"collection":[{"href":"https:\/\/quantumtrust-ai.com\/pt\/wp-json\/wp\/v2\/pages"}],"about":[{"href":"https:\/\/quantumtrust-ai.com\/pt\/wp-json\/wp\/v2\/types\/page"}],"author":[{"embeddable":true,"href":"https:\/\/quantumtrust-ai.com\/pt\/wp-json\/wp\/v2\/users\/1"}],"replies":[{"embeddable":true,"href":"https:\/\/quantumtrust-ai.com\/pt\/wp-json\/wp\/v2\/comments?post=649"}],"version-history":[{"count":0,"href":"https:\/\/quantumtrust-ai.com\/pt\/wp-json\/wp\/v2\/pages\/649\/revisions"}],"wp:attachment":[{"href":"https:\/\/quantumtrust-ai.com\/pt\/wp-json\/wp\/v2\/media?parent=649"}],"curies":[{"name":"wp","href":"https:\/\/api.w.org\/{rel}","templated":true}]}}